{"id":4223,"date":"2020-12-01T17:40:38","date_gmt":"2020-12-01T17:40:38","guid":{"rendered":"https:\/\/rivedil.mk\/stencil-retro\/"},"modified":"2021-02-15T16:11:55","modified_gmt":"2021-02-15T16:11:55","slug":"stencil-retro","status":"publish","type":"page","link":"https:\/\/rivedil.mk\/sq\/stencil-retro\/","title":{"rendered":"Stencil Retr\u00f2"},"content":{"rendered":"\t\t<div data-elementor-type=\"wp-page\" data-elementor-id=\"4223\" class=\"elementor elementor-4223 elementor-1114\" data-elementor-post-type=\"page\">\n\t\t\t\t\t\t<section class=\"elementor-section elementor-top-section elementor-element elementor-element-854371b elementor-section-full_width elementor-section-height-default elementor-section-height-default\" data-id=\"854371b\" data-element_type=\"section\" data-e-type=\"section\">\n\t\t\t\t\t\t<div class=\"elementor-container elementor-column-gap-no\">\n\t\t\t\t\t<div class=\"elementor-column elementor-col-100 elementor-top-column elementor-element elementor-element-b666b79\" data-id=\"b666b79\" data-element_type=\"column\" data-e-type=\"column\">\n\t\t\t<div class=\"elementor-widget-wrap elementor-element-populated\">\n\t\t\t\t\t\t<div class=\"elementor-element elementor-element-b9b87f1 elementor-widget elementor-widget-page-header\" data-id=\"b9b87f1\" data-element_type=\"widget\" data-e-type=\"widget\" data-widget_type=\"page-header.default\">\n\t\t\t\t<div class=\"elementor-widget-container\">\n\t\t\t\t\t\t\t<div id=\"section_animation\" class=\"has_transition_1500_quint no_transition white\">\n\t\t\t<div class=\"section_panel\" rel=\"stencil-retro\">\n\t\t\t\t<div class=\"section_pic first_run\">\n\t\t\t\t\t<img decoding=\"async\" class=\"scroll_transition mobile_hidden\" src=\"https:\/\/rivedil.mk\/wp-content\/uploads\/2021\/01\/stencil-retro.jpg\"> \n\t\t\t\t\t<img decoding=\"async\" class=\"scroll_transition mobile_only\" src=\"https:\/\/rivedil.mk\/wp-content\/uploads\/2021\/01\/stencil-retro.jpg\">\n\n\t\t\t\t<\/div>\n\t\t\t\t<div class=\"info has_transition_1500 mobile_only top_translated\">\n\t\t\t\t\t<div class=\"num_back has_transition_1500_inout\"><\/div>\n\t\t\t\t\t\t\t\t\t\t<img decoding=\"async\" class=\"section_triangle full_width\" src=\"https:\/\/rivedil.mk\/wp-content\/themes\/rivedil\/assets\/images\/numbers\/2_3.png\">\n\t\t\t\t\t<div class=\"info_data has_transition_1500_inout\">\n\t\t\t\t\t\t<div class=\"section_panel_title\">\n\t\t\t\t\t\t\t<h1>Stencil<\/h1>\n\t\t\t\t\t\t<\/div>\n\t\t\t\t\t\t<div class=\"section_subtitle\">\n\t\t\t\t\t\t\t<h2>Retr\u00f2<\/h2>\n\t\t\t\t\t\t<\/div>\n\t\t\t\t\t<\/div>\n\t\t\t\t<\/div>\n\t\t\t<\/div>\n\t\t\t<div id=\"head_content\" class=\"has_transition_1000_inout\">\n\t\t\t\t<div class=\"back_1 no_width reverse has_transition_1000_inout\"><\/div>\n\t\t\t\t<div class=\"back_2 no_width reverse has_transition_1000_inout\"><\/div>\n\n\t\t\t\t\n\t\t\t\t<div class=\"panel_name subsection \">\n\t\t\t\t\t<div class=\"name_body level_3\">\n\t\t\t\t\t\t<div class=\"separator hidden has_transition_1500\"><\/div>\n\t\t\t\t\t\t<p class=\"small_num\">\n\t\t\t\t\t\t\t<span class=\"dark top_double has_transition_1500\">2<\/span>\n\t\t\t\t\t\t\t\t\t\t\t\t\t\t\t<span class=\"white top_double has_transition_1500\">.3<\/span>\n\t\t\t\t\t\t\t\t\t\t\t\t\t\t\t\t\t\t\t\t<\/p>\n\t\t\t\t\t\t<div class=\"separator hidden has_transition_1500\"><\/div>\n\t\t\t\t\t\t<div class=\"no_overflow top_container\">\n\t\t\t\t\t\t\t<p class=\"section_top top_hidden has_transition_1200\">Stencil<\/p>\n\t\t\t\t\t\t<\/div>\n\t\t\t\t\t\t<div class=\"no_overflow name_container\">\n\t\t\t\t\t\t\t<p class=\"section_name top_hidden has_transition_1200\">Retr\u00f2<\/p>\n\t\t\t\t\t\t<\/div>\n\t\t\t\t\t<\/div>\n\t\t\t\t<\/div>\n\t\t\t<\/div>\n\t\t<\/div>\n\t\t\t\t\t\t<\/div>\n\t\t\t\t<\/div>\n\t\t\t\t\t<\/div>\n\t\t<\/div>\n\t\t\t\t\t<\/div>\n\t\t<\/section>\n\t\t\t\t<section class=\"elementor-section elementor-top-section elementor-element elementor-element-75878f7 elementor-section-full_width elementor-section-height-default elementor-section-height-default\" data-id=\"75878f7\" data-element_type=\"section\" data-e-type=\"section\">\n\t\t\t\t\t\t<div class=\"elementor-container elementor-column-gap-no\">\n\t\t\t\t\t<div class=\"elementor-column elementor-col-100 elementor-top-column elementor-element elementor-element-d4a30b1\" data-id=\"d4a30b1\" data-element_type=\"column\" data-e-type=\"column\">\n\t\t\t<div class=\"elementor-widget-wrap elementor-element-populated\">\n\t\t\t\t\t\t<div class=\"elementor-element elementor-element-1dbeab7 elementor-widget elementor-widget-paragraph-with-heading\" data-id=\"1dbeab7\" data-element_type=\"widget\" data-e-type=\"widget\" data-widget_type=\"paragraph-with-heading.default\">\n\t\t\t\t<div class=\"elementor-widget-container\">\n\t\t\t\t\t\t\t<div class=\"row content\">\n\t\t\t<div class=\"paragraph_details\">\n\t\t\t\t\t\t\t\t\t<div class=\"p_detail\">\n\t\t\t\t\t\t<h4><\/h4>\n\t\t\t\t\t\t<p class=\"body_text smaller\"><\/p>\n\t\t\t\t\t<\/div>\n\t\t\t\t\t\t\t<\/div>\n\t\t\t<div class=\"paragraph first\">\n\t\t\t\t<div class=\"no_overflow\">\n\t\t\t\t\t<h1 class=\"big_title has_transition_1000\">STENCIL RETR\u00d2<\/h1>\n\t\t\t\t<\/div>\n\t\t\t\t<div class=\"no_overflow big_subtitle\">\n\t\t\t\t\t<h2 class=\"big_subtitle has_transition_1000\">Koleksioni Stencil Retr\u00f2<\/h2>\n\t\t\t\t<\/div>\n\t\t\t\t<p class=\"body_text two_col has_transition_2000\">Dizajner\u00ebt tan\u00eb kan\u00eb krijuar stencila t\u00eb mrekullueshme, p\u00ebr t\u00eb p\u00ebrs\u00ebritur format e dizajnit t\u00eb krijuara p\u00ebrmes fineses, ose n\u00eb riliev, me veshje dekorative Rivedil.<\/p>\n\t\t\t<\/div>\n\t\t<\/div>\n\t\t\t\t\t\t<\/div>\n\t\t\t\t<\/div>\n\t\t\t\t<div class=\"elementor-element elementor-element-5a7cf83 elementor-widget elementor-widget-quartet\" data-id=\"5a7cf83\" data-element_type=\"widget\" data-e-type=\"widget\" data-widget_type=\"quartet.default\">\n\t\t\t\t<div class=\"elementor-widget-container\">\n\t\t\t\t\t\t\t<div class=\"row animated flexed quartet smaller\">\n\t\t\t<div class=\"block_25 flexed grey has_transition_1500 _1\">\n\t\t\t\t<div class=\"usable_size full\">\n\t\t\t\t\t\t\t\t\t\t\t\t\t\t\t\t<div class=\"block_title\">\n\t\t\t\t\t\t  \t\t\t\t\t\t    <!-- no login required start -->\n\t\t\t\t\t\t    \t\t\t\t\t\t      <div class=\"no_overflow\">\n\t\t\t\t\t\t        <p class=\"desc_title has_transition_1500 top_hidden\">ELETTRO GOLD&SILVER<\/p>\n\t\t\t\t\t\t      <\/div>\n\t\t\t\t\t\t      <div class=\"no_overflow\">\n\t\t\t\t\t\t        <p class=\"desc_text has_transition_1500 top_hidden\">0.76x180 m <br>\nSpecial Gold&Silver Film<\/p>\n\t\t\t\t\t\t      <\/div>\n\t\t\t\t\t\t    \t\t\t\t\t\t    <!-- no login required end -->\n\t\t\t\t\t\t  \t\t\t\t\t\t<\/div>\n\t\t\t\t\t\t<div class=\"mt-35\"><\/div>\n\t\t\t\t\t\t\t\t\t\t\t\t\t\t\t\t\t<div class=\"block_title\">\n\t\t\t\t\t\t  \t\t\t\t\t\t    <!-- no login required start -->\n\t\t\t\t\t\t    \t\t\t\t\t\t      <div class=\"no_overflow\">\n\t\t\t\t\t\t        <p class=\"desc_title has_transition_1500 top_hidden\">ELETTRO PRIMER<\/p>\n\t\t\t\t\t\t      <\/div>\n\t\t\t\t\t\t      <div class=\"no_overflow\">\n\t\t\t\t\t\t        <p class=\"desc_text has_transition_1500 top_hidden\">0.750 L <br>\nHidropelent konsolidues me baz\u00eb uj\u00eb<\/p>\n\t\t\t\t\t\t      <\/div>\n\t\t\t\t\t\t    \t\t\t\t\t\t    <!-- no login required end -->\n\t\t\t\t\t\t  \t\t\t\t\t\t<\/div>\n\t\t\t\t\t\t<div class=\"mt-35\"><\/div>\n\t\t\t\t\t\t\t\t\t\t\t\t\t\t\t\t\t\t\t\t<\/div>\n\t\t\t<\/div>\n\t\t\t<div class=\"block_25 has_pic _2 download_image has_transition_1500 top_hidden\"><img decoding=\"async\" class=\"full_width\" src=\"https:\/\/rivedil.mk\/wp-content\/uploads\/2020\/12\/stencil-elctro-1.jpg\"><\/div>\n\t\t\t<div class=\"block_25 has_pic _3 download_image has_transition_1500 top_hidden\"><img decoding=\"async\" class=\"full_width\" src=\"https:\/\/rivedil.mk\/wp-content\/uploads\/2020\/12\/oxida-stencil-1.jpg\"><\/div>\n\t\t\t<div class=\"block_25 flexed grey has_transition_1500 _1\">\n\t\t\t\t<div class=\"usable_size\">\n\t\t\t\t\t\t\t\t\t\t\t\t\t\t\t\t<div class=\"block_title\">\n\t\t\t\t\t\t\t\t\t\t\t\t\t\t\t<!-- no login required start -->\n\t\t\t\t\t\t\t\t\t\t\t\t\t\t\t\t\t<div class=\"no_overflow\">\n\t\t\t\t\t\t\t\t\t\t<p class=\"desc_title has_transition_1500 top_hidden\">OXYDA STENCIL RETR\u00d2<\/p>\n\t\t\t\t\t\t\t\t\t<\/div>\n\t\t\t\t\t\t\t\t\t<div class=\"no_overflow\">\n\t\t\t\t\t\t\t\t\t\t<p class=\"desc_text has_transition_1500 top_hidden\">500x930 mm <br>\nSR019<\/p>\n\t\t\t\t\t\t\t\t\t<\/div>\n\t\t\t\t\t\t\t\t\t\t\t\t\t\t\t\t<!-- no login required end -->\n\t\t\t\t\t\t\t\t\t\t\t\t\t<\/div>\n\t\t\t\t\t\t\t\t\t\t\t\t\t\t\t\t\t<div class=\"block_title\">\n\t\t\t\t\t\t\t\t\t\t\t\t\t\t\t<!-- no login required start -->\n\t\t\t\t\t\t\t\t\t\t\t\t\t\t\t\t\t<div class=\"no_overflow\">\n\t\t\t\t\t\t\t\t\t\t<p class=\"desc_title has_transition_1500 top_hidden\">OXYDA STENCIL RETR\u00d2<\/p>\n\t\t\t\t\t\t\t\t\t<\/div>\n\t\t\t\t\t\t\t\t\t<div class=\"no_overflow\">\n\t\t\t\t\t\t\t\t\t\t<p class=\"desc_text has_transition_1500 top_hidden\">500x500 mm<br>\nSR022<\/p>\n\t\t\t\t\t\t\t\t\t<\/div>\n\t\t\t\t\t\t\t\t\t\t\t\t\t\t\t\t<!-- no login required end -->\n\t\t\t\t\t\t\t\t\t\t\t\t\t<\/div>\n\t\t\t\t\t\t\t\t\t\t\t\t\t\t\t\t\t\t\t\t<\/div>\n\t\t\t<\/div>\n\t\t<\/div>\n\t\t\t\t\t\t<\/div>\n\t\t\t\t<\/div>\n\t\t\t\t<div class=\"elementor-element elementor-element-99154cb elementor-widget elementor-widget-quartet\" data-id=\"99154cb\" data-element_type=\"widget\" data-e-type=\"widget\" data-widget_type=\"quartet.default\">\n\t\t\t\t<div class=\"elementor-widget-container\">\n\t\t\t\t\t\t\t<div class=\"row animated flexed quartet smaller\">\n\t\t\t<div class=\"block_25 flexed grey has_transition_1500 _1\">\n\t\t\t\t<div class=\"usable_size full\">\n\t\t\t\t\t\t\t\t\t\t\t\t\t\t\t\t<div class=\"block_title\">\n\t\t\t\t\t\t  \t\t\t\t\t\t    <!-- no login required start -->\n\t\t\t\t\t\t    \t\t\t\t\t\t      <div class=\"no_overflow\">\n\t\t\t\t\t\t        <p class=\"desc_title has_transition_1500 top_hidden\">OXYDA STENCIL RETR\u00d2<\/p>\n\t\t\t\t\t\t      <\/div>\n\t\t\t\t\t\t      <div class=\"no_overflow\">\n\t\t\t\t\t\t        <p class=\"desc_text has_transition_1500 top_hidden\">500x930 mm <br>\nSR018<\/p>\n\t\t\t\t\t\t      <\/div>\n\t\t\t\t\t\t    \t\t\t\t\t\t    <!-- no login required end -->\n\t\t\t\t\t\t  \t\t\t\t\t\t<\/div>\n\t\t\t\t\t\t<div class=\"mt-35\"><\/div>\n\t\t\t\t\t\t\t\t\t\t\t\t\t\t\t\t\t<div class=\"block_title\">\n\t\t\t\t\t\t  \t\t\t\t\t\t    <!-- no login required start -->\n\t\t\t\t\t\t    \t\t\t\t\t\t      <div class=\"no_overflow\">\n\t\t\t\t\t\t        <p class=\"desc_title has_transition_1500 top_hidden\">OXYDA STENCIL RETR\u00d2<\/p>\n\t\t\t\t\t\t      <\/div>\n\t\t\t\t\t\t      <div class=\"no_overflow\">\n\t\t\t\t\t\t        <p class=\"desc_text has_transition_1500 top_hidden\">500x500 mm <br>\nSR021<\/p>\n\t\t\t\t\t\t      <\/div>\n\t\t\t\t\t\t    \t\t\t\t\t\t    <!-- no login required end -->\n\t\t\t\t\t\t  \t\t\t\t\t\t<\/div>\n\t\t\t\t\t\t<div class=\"mt-35\"><\/div>\n\t\t\t\t\t\t\t\t\t\t\t\t\t\t\t\t\t\t\t\t<\/div>\n\t\t\t<\/div>\n\t\t\t<div class=\"block_25 has_pic _2 download_image has_transition_1500 top_hidden\"><img decoding=\"async\" class=\"full_width\" src=\"https:\/\/rivedil.mk\/wp-content\/uploads\/2020\/12\/stencil-oxyda-1024x568-2.jpg\"><\/div>\n\t\t\t<div class=\"block_25 has_pic _3 download_image has_transition_1500 top_hidden\"><img decoding=\"async\" class=\"full_width\" src=\"https:\/\/rivedil.mk\/wp-content\/uploads\/2020\/12\/oxyda-retro-1.jpg\"><\/div>\n\t\t\t<div class=\"block_25 flexed grey has_transition_1500 _1\">\n\t\t\t\t<div class=\"usable_size\">\n\t\t\t\t\t\t\t\t\t\t\t\t\t\t\t\t<div class=\"block_title\">\n\t\t\t\t\t\t\t\t\t\t\t\t\t\t\t<!-- no login required start -->\n\t\t\t\t\t\t\t\t\t\t\t\t\t\t\t\t\t<div class=\"no_overflow\">\n\t\t\t\t\t\t\t\t\t\t<p class=\"desc_title has_transition_1500 top_hidden\">OXYDA STENCIL RETR\u00d2<\/p>\n\t\t\t\t\t\t\t\t\t<\/div>\n\t\t\t\t\t\t\t\t\t<div class=\"no_overflow\">\n\t\t\t\t\t\t\t\t\t\t<p class=\"desc_text has_transition_1500 top_hidden\">500x930 mm <br>\nSR017<\/p>\n\t\t\t\t\t\t\t\t\t<\/div>\n\t\t\t\t\t\t\t\t\t\t\t\t\t\t\t\t<!-- no login required end -->\n\t\t\t\t\t\t\t\t\t\t\t\t\t<\/div>\n\t\t\t\t\t\t\t\t\t\t\t\t\t\t\t\t\t<div class=\"block_title\">\n\t\t\t\t\t\t\t\t\t\t\t\t\t\t\t<!-- no login required start -->\n\t\t\t\t\t\t\t\t\t\t\t\t\t\t\t\t\t<div class=\"no_overflow\">\n\t\t\t\t\t\t\t\t\t\t<p class=\"desc_title has_transition_1500 top_hidden\">OXYDA STENCIL RETR\u00d2<\/p>\n\t\t\t\t\t\t\t\t\t<\/div>\n\t\t\t\t\t\t\t\t\t<div class=\"no_overflow\">\n\t\t\t\t\t\t\t\t\t\t<p class=\"desc_text has_transition_1500 top_hidden\">500x500 mm<br>\nSR027<\/p>\n\t\t\t\t\t\t\t\t\t<\/div>\n\t\t\t\t\t\t\t\t\t\t\t\t\t\t\t\t<!-- no login required end -->\n\t\t\t\t\t\t\t\t\t\t\t\t\t<\/div>\n\t\t\t\t\t\t\t\t\t\t\t\t\t\t\t\t\t\t\t\t<\/div>\n\t\t\t<\/div>\n\t\t<\/div>\n\t\t\t\t\t\t<\/div>\n\t\t\t\t<\/div>\n\t\t\t\t<div class=\"elementor-element elementor-element-7173209 elementor-widget elementor-widget-quartet\" data-id=\"7173209\" data-element_type=\"widget\" data-e-type=\"widget\" data-widget_type=\"quartet.default\">\n\t\t\t\t<div class=\"elementor-widget-container\">\n\t\t\t\t\t\t\t<div class=\"row animated flexed quartet smaller\">\n\t\t\t<div class=\"block_25 flexed grey has_transition_1500 _1\">\n\t\t\t\t<div class=\"usable_size full\">\n\t\t\t\t\t\t\t\t\t\t\t\t\t\t\t\t<div class=\"block_title\">\n\t\t\t\t\t\t  \t\t\t\t\t\t    <!-- no login required start -->\n\t\t\t\t\t\t    \t\t\t\t\t\t      <div class=\"no_overflow\">\n\t\t\t\t\t\t        <p class=\"desc_title has_transition_1500 top_hidden\">OXYDA STENCIL RETR\u00d2<\/p>\n\t\t\t\t\t\t      <\/div>\n\t\t\t\t\t\t      <div class=\"no_overflow\">\n\t\t\t\t\t\t        <p class=\"desc_text has_transition_1500 top_hidden\">500x930 mm <br>\nSR017<\/p>\n\t\t\t\t\t\t      <\/div>\n\t\t\t\t\t\t    \t\t\t\t\t\t    <!-- no login required end -->\n\t\t\t\t\t\t  \t\t\t\t\t\t<\/div>\n\t\t\t\t\t\t<div class=\"mt-35\"><\/div>\n\t\t\t\t\t\t\t\t\t\t\t\t\t\t\t\t\t<div class=\"block_title\">\n\t\t\t\t\t\t  \t\t\t\t\t\t    <!-- no login required start -->\n\t\t\t\t\t\t    \t\t\t\t\t\t      <div class=\"no_overflow\">\n\t\t\t\t\t\t        <p class=\"desc_title has_transition_1500 top_hidden\">OXYDA STENCIL RETR\u00d2<\/p>\n\t\t\t\t\t\t      <\/div>\n\t\t\t\t\t\t      <div class=\"no_overflow\">\n\t\t\t\t\t\t        <p class=\"desc_text has_transition_1500 top_hidden\">500x500 mm <br>\nSR027<\/p>\n\t\t\t\t\t\t      <\/div>\n\t\t\t\t\t\t    \t\t\t\t\t\t    <!-- no login required end -->\n\t\t\t\t\t\t  \t\t\t\t\t\t<\/div>\n\t\t\t\t\t\t<div class=\"mt-35\"><\/div>\n\t\t\t\t\t\t\t\t\t\t\t\t\t\t\t\t\t\t\t\t<\/div>\n\t\t\t<\/div>\n\t\t\t<div class=\"block_25 has_pic _2 download_image has_transition_1500 top_hidden\"><img decoding=\"async\" class=\"full_width\" src=\"https:\/\/rivedil.mk\/wp-content\/uploads\/2020\/12\/oxyda-stencil-2-1.jpg\"><\/div>\n\t\t\t<div class=\"block_25 has_pic _3 download_image has_transition_1500 top_hidden\"><img decoding=\"async\" class=\"full_width\" src=\"https:\/\/rivedil.mk\/wp-content\/uploads\/2020\/12\/stencil-tempo-1-1.jpg\"><\/div>\n\t\t\t<div class=\"block_25 flexed grey has_transition_1500 _1\">\n\t\t\t\t<div class=\"usable_size\">\n\t\t\t\t\t\t\t\t\t\t\t\t\t\t\t\t<div class=\"block_title\">\n\t\t\t\t\t\t\t\t\t\t\t\t\t\t\t<!-- no login required start -->\n\t\t\t\t\t\t\t\t\t\t\t\t\t\t\t\t\t<div class=\"no_overflow\">\n\t\t\t\t\t\t\t\t\t\t<p class=\"desc_title has_transition_1500 top_hidden\">OXYDA STENCIL RETR\u00d2<\/p>\n\t\t\t\t\t\t\t\t\t<\/div>\n\t\t\t\t\t\t\t\t\t<div class=\"no_overflow\">\n\t\t\t\t\t\t\t\t\t\t<p class=\"desc_text has_transition_1500 top_hidden\">150x500 mm <br>\nSR025<\/p>\n\t\t\t\t\t\t\t\t\t<\/div>\n\t\t\t\t\t\t\t\t\t\t\t\t\t\t\t\t<!-- no login required end -->\n\t\t\t\t\t\t\t\t\t\t\t\t\t<\/div>\n\t\t\t\t\t\t\t\t\t\t\t\t\t\t\t\t\t<div class=\"block_title\">\n\t\t\t\t\t\t\t\t\t\t\t\t\t\t\t<!-- no login required start -->\n\t\t\t\t\t\t\t\t\t\t\t\t\t\t\t\t\t<a target=\"_blank\" href=\"https:\/\/rivedil.mk\/wp-content\/uploads\/2020\/12\/Catalogo-Stencil-2019_compressed.pdf\">\n\t\t\t\t\t\t\t\t\t\t\t\t\t\t\t\t\t<div class=\"no_overflow\">\n\t\t\t\t\t\t\t\t\t\t<p class=\"desc_title has_transition_1500 top_hidden\">Shkakro katalogun<\/p>\n\t\t\t\t\t\t\t\t\t<\/div>\n\t\t\t\t\t\t\t\t\t<div class=\"no_overflow\">\n\t\t\t\t\t\t\t\t\t\t<p class=\"desc_text has_transition_1500 top_hidden\">Shkakro<\/p>\n\t\t\t\t\t\t\t\t\t<\/div>\n\t\t\t\t\t\t\t\t\t\t\t\t\t\t\t\t\t<\/a>\n\t\t\t\t\t\t\t\t\t\t\t\t\t\t\t\t<!-- no login required end -->\n\t\t\t\t\t\t\t\t\t\t\t\t\t<\/div>\n\t\t\t\t\t\t\t\t\t\t\t\t\t\t\t\t\t\t\t\t\t\t\t\t\t\t\t\t\t\t\t\t\t\t\t<div class=\"download_item has_transition_600 transform_all\">\n\t\t\t\t\t\t\t<div class=\"circle_button bottom \">\n\t\t\t\t\t\t\t\t<div class=\"back has_transition_1000 transform_all\"><\/div>\n\t\t\t\t\t\t\t\t<div class=\"arrow has_transition_800\"><img decoding=\"async\" src=\"https:\/\/rivedil.mk\/wp-content\/themes\/rivedil\/assets\/images\/arrow_small.png\"><\/div>\n\t\t\t\t\t\t\t<\/div>\n\t\t\t\t\t\t<\/div>\n\t\t\t\t\t\t\t\t\t<\/div>\n\t\t\t<\/div>\n\t\t<\/div>\n\t\t\t\t\t\t<\/div>\n\t\t\t\t<\/div>\n\t\t\t\t\t<\/div>\n\t\t<\/div>\n\t\t\t\t\t<\/div>\n\t\t<\/section>\n\t\t\t\t<\/div>\n\t\t","protected":false},"excerpt":{"rendered":"<p>Stencil Retr\u00f2 2 .3 Stencil Retr\u00f2 STENCIL RETR\u00d2 Koleksioni Stencil Retr\u00f2 Dizajner\u00ebt tan\u00eb kan\u00eb krijuar stencila t\u00eb mrekullueshme, p\u00ebr t\u00eb p\u00ebrs\u00ebritur format e dizajnit t\u00eb krijuara p\u00ebrmes fineses, ose n\u00eb riliev, me veshje dekorative Rivedil. ELETTRO GOLD&#038;SILVER 0.76&#215;180 m Special Gold&#038;Silver Film ELETTRO PRIMER 0.750 L Hidropelent konsolidues me baz\u00eb uj\u00eb OXYDA STENCIL RETR\u00d2 500&#215;930 [&hellip;]<\/p>\n","protected":false},"author":1,"featured_media":0,"parent":0,"menu_order":0,"comment_status":"closed","ping_status":"closed","template":"","meta":{"_acf_changed":false,"footnotes":""},"class_list":["post-4223","page","type-page","status-publish","hentry"],"acf":[],"yoast_head":"<!-- This site is optimized with the Yoast SEO plugin v26.9 - https:\/\/yoast.com\/product\/yoast-seo-wordpress\/ -->\n<title>Stencil Retr\u00f2 - rivedil Macedonia<\/title>\n<meta name=\"robots\" content=\"index, follow, max-snippet:-1, max-image-preview:large, max-video-preview:-1\" \/>\n<link rel=\"canonical\" href=\"https:\/\/rivedil.mk\/sq\/stencil-retro\/\" \/>\n<meta property=\"og:locale\" content=\"sq_AL\" \/>\n<meta property=\"og:type\" content=\"article\" \/>\n<meta property=\"og:title\" content=\"Stencil Retr\u00f2 - rivedil Macedonia\" \/>\n<meta property=\"og:description\" content=\"Stencil Retr\u00f2 2 .3 Stencil Retr\u00f2 STENCIL RETR\u00d2 Koleksioni Stencil Retr\u00f2 Dizajner\u00ebt tan\u00eb kan\u00eb krijuar stencila t\u00eb mrekullueshme, p\u00ebr t\u00eb p\u00ebrs\u00ebritur format e dizajnit t\u00eb krijuara p\u00ebrmes fineses, ose n\u00eb riliev, me veshje dekorative Rivedil. ELETTRO GOLD&#038;SILVER 0.76&#215;180 m Special Gold&#038;Silver Film ELETTRO PRIMER 0.750 L Hidropelent konsolidues me baz\u00eb uj\u00eb OXYDA STENCIL RETR\u00d2 500&#215;930 [&hellip;]\" \/>\n<meta property=\"og:url\" content=\"https:\/\/rivedil.mk\/sq\/stencil-retro\/\" \/>\n<meta property=\"og:site_name\" content=\"rivedil Macedonia\" \/>\n<meta property=\"article:publisher\" content=\"https:\/\/www.facebook.com\/Riveil.Mk\" \/>\n<meta property=\"article:modified_time\" content=\"2021-02-15T16:11:55+00:00\" \/>\n<meta property=\"og:image\" content=\"https:\/\/i1.wp.com\/rivedil.mk\/wp-content\/uploads\/2021\/01\/stencil-retro.jpg?w=1920\" \/>\n<meta name=\"twitter:card\" content=\"summary_large_image\" \/>\n<meta name=\"twitter:label1\" content=\"Est. reading time\" \/>\n\t<meta name=\"twitter:data1\" content=\"1 minute\" \/>\n<script type=\"application\/ld+json\" class=\"yoast-schema-graph\">{\"@context\":\"https:\/\/schema.org\",\"@graph\":[{\"@type\":\"WebPage\",\"@id\":\"https:\/\/rivedil.mk\/sq\/stencil-retro\/\",\"url\":\"https:\/\/rivedil.mk\/sq\/stencil-retro\/\",\"name\":\"Stencil Retr\u00f2 - rivedil Macedonia\",\"isPartOf\":{\"@id\":\"https:\/\/rivedil.mk\/sq\/#website\"},\"primaryImageOfPage\":{\"@id\":\"https:\/\/rivedil.mk\/sq\/stencil-retro\/#primaryimage\"},\"image\":{\"@id\":\"https:\/\/rivedil.mk\/sq\/stencil-retro\/#primaryimage\"},\"thumbnailUrl\":\"https:\/\/i1.wp.com\/rivedil.mk\/wp-content\/uploads\/2021\/01\/stencil-retro.jpg?w=1920\",\"datePublished\":\"2020-12-01T17:40:38+00:00\",\"dateModified\":\"2021-02-15T16:11:55+00:00\",\"breadcrumb\":{\"@id\":\"https:\/\/rivedil.mk\/sq\/stencil-retro\/#breadcrumb\"},\"inLanguage\":\"sq-AL\",\"potentialAction\":[{\"@type\":\"ReadAction\",\"target\":[\"https:\/\/rivedil.mk\/sq\/stencil-retro\/\"]}]},{\"@type\":\"ImageObject\",\"inLanguage\":\"sq-AL\",\"@id\":\"https:\/\/rivedil.mk\/sq\/stencil-retro\/#primaryimage\",\"url\":\"https:\/\/i1.wp.com\/rivedil.mk\/wp-content\/uploads\/2021\/01\/stencil-retro.jpg?w=1920\",\"contentUrl\":\"https:\/\/i1.wp.com\/rivedil.mk\/wp-content\/uploads\/2021\/01\/stencil-retro.jpg?w=1920\"},{\"@type\":\"BreadcrumbList\",\"@id\":\"https:\/\/rivedil.mk\/sq\/stencil-retro\/#breadcrumb\",\"itemListElement\":[{\"@type\":\"ListItem\",\"position\":1,\"name\":\"Home\",\"item\":\"https:\/\/rivedil.mk\/sq\/\"},{\"@type\":\"ListItem\",\"position\":2,\"name\":\"Stencil Retr\u00f2\"}]},{\"@type\":\"WebSite\",\"@id\":\"https:\/\/rivedil.mk\/sq\/#website\",\"url\":\"https:\/\/rivedil.mk\/sq\/\",\"name\":\"rivedil Macedonia\",\"description\":\"Exclusive Paint\",\"publisher\":{\"@id\":\"https:\/\/rivedil.mk\/sq\/#organization\"},\"potentialAction\":[{\"@type\":\"SearchAction\",\"target\":{\"@type\":\"EntryPoint\",\"urlTemplate\":\"https:\/\/rivedil.mk\/sq\/?s={search_term_string}\"},\"query-input\":{\"@type\":\"PropertyValueSpecification\",\"valueRequired\":true,\"valueName\":\"search_term_string\"}}],\"inLanguage\":\"sq-AL\"},{\"@type\":\"Organization\",\"@id\":\"https:\/\/rivedil.mk\/sq\/#organization\",\"name\":\"rivedil Macedonia\",\"url\":\"https:\/\/rivedil.mk\/sq\/\",\"logo\":{\"@type\":\"ImageObject\",\"inLanguage\":\"sq-AL\",\"@id\":\"https:\/\/rivedil.mk\/sq\/#\/schema\/logo\/image\/\",\"url\":\"https:\/\/rivedil.mk\/wp-content\/uploads\/2021\/01\/logo.png\",\"contentUrl\":\"https:\/\/rivedil.mk\/wp-content\/uploads\/2021\/01\/logo.png\",\"width\":593,\"height\":177,\"caption\":\"rivedil Macedonia\"},\"image\":{\"@id\":\"https:\/\/rivedil.mk\/sq\/#\/schema\/logo\/image\/\"},\"sameAs\":[\"https:\/\/www.facebook.com\/Riveil.Mk\",\"https:\/\/www.instagram.com\/rivedil_macedonia\"]}]}<\/script>\n<!-- \/ Yoast SEO plugin. -->","yoast_head_json":{"title":"Stencil Retr\u00f2 - rivedil Macedonia","robots":{"index":"index","follow":"follow","max-snippet":"max-snippet:-1","max-image-preview":"max-image-preview:large","max-video-preview":"max-video-preview:-1"},"canonical":"https:\/\/rivedil.mk\/sq\/stencil-retro\/","og_locale":"sq_AL","og_type":"article","og_title":"Stencil Retr\u00f2 - rivedil Macedonia","og_description":"Stencil Retr\u00f2 2 .3 Stencil Retr\u00f2 STENCIL RETR\u00d2 Koleksioni Stencil Retr\u00f2 Dizajner\u00ebt tan\u00eb kan\u00eb krijuar stencila t\u00eb mrekullueshme, p\u00ebr t\u00eb p\u00ebrs\u00ebritur format e dizajnit t\u00eb krijuara p\u00ebrmes fineses, ose n\u00eb riliev, me veshje dekorative Rivedil. ELETTRO GOLD&#038;SILVER 0.76&#215;180 m Special Gold&#038;Silver Film ELETTRO PRIMER 0.750 L Hidropelent konsolidues me baz\u00eb uj\u00eb OXYDA STENCIL RETR\u00d2 500&#215;930 [&hellip;]","og_url":"https:\/\/rivedil.mk\/sq\/stencil-retro\/","og_site_name":"rivedil Macedonia","article_publisher":"https:\/\/www.facebook.com\/Riveil.Mk","article_modified_time":"2021-02-15T16:11:55+00:00","og_image":[{"url":"https:\/\/i1.wp.com\/rivedil.mk\/wp-content\/uploads\/2021\/01\/stencil-retro.jpg?w=1920","type":"","width":"","height":""}],"twitter_card":"summary_large_image","twitter_misc":{"Est. reading time":"1 minute"},"schema":{"@context":"https:\/\/schema.org","@graph":[{"@type":"WebPage","@id":"https:\/\/rivedil.mk\/sq\/stencil-retro\/","url":"https:\/\/rivedil.mk\/sq\/stencil-retro\/","name":"Stencil Retr\u00f2 - rivedil Macedonia","isPartOf":{"@id":"https:\/\/rivedil.mk\/sq\/#website"},"primaryImageOfPage":{"@id":"https:\/\/rivedil.mk\/sq\/stencil-retro\/#primaryimage"},"image":{"@id":"https:\/\/rivedil.mk\/sq\/stencil-retro\/#primaryimage"},"thumbnailUrl":"https:\/\/i1.wp.com\/rivedil.mk\/wp-content\/uploads\/2021\/01\/stencil-retro.jpg?w=1920","datePublished":"2020-12-01T17:40:38+00:00","dateModified":"2021-02-15T16:11:55+00:00","breadcrumb":{"@id":"https:\/\/rivedil.mk\/sq\/stencil-retro\/#breadcrumb"},"inLanguage":"sq-AL","potentialAction":[{"@type":"ReadAction","target":["https:\/\/rivedil.mk\/sq\/stencil-retro\/"]}]},{"@type":"ImageObject","inLanguage":"sq-AL","@id":"https:\/\/rivedil.mk\/sq\/stencil-retro\/#primaryimage","url":"https:\/\/i1.wp.com\/rivedil.mk\/wp-content\/uploads\/2021\/01\/stencil-retro.jpg?w=1920","contentUrl":"https:\/\/i1.wp.com\/rivedil.mk\/wp-content\/uploads\/2021\/01\/stencil-retro.jpg?w=1920"},{"@type":"BreadcrumbList","@id":"https:\/\/rivedil.mk\/sq\/stencil-retro\/#breadcrumb","itemListElement":[{"@type":"ListItem","position":1,"name":"Home","item":"https:\/\/rivedil.mk\/sq\/"},{"@type":"ListItem","position":2,"name":"Stencil Retr\u00f2"}]},{"@type":"WebSite","@id":"https:\/\/rivedil.mk\/sq\/#website","url":"https:\/\/rivedil.mk\/sq\/","name":"rivedil Macedonia","description":"Exclusive Paint","publisher":{"@id":"https:\/\/rivedil.mk\/sq\/#organization"},"potentialAction":[{"@type":"SearchAction","target":{"@type":"EntryPoint","urlTemplate":"https:\/\/rivedil.mk\/sq\/?s={search_term_string}"},"query-input":{"@type":"PropertyValueSpecification","valueRequired":true,"valueName":"search_term_string"}}],"inLanguage":"sq-AL"},{"@type":"Organization","@id":"https:\/\/rivedil.mk\/sq\/#organization","name":"rivedil Macedonia","url":"https:\/\/rivedil.mk\/sq\/","logo":{"@type":"ImageObject","inLanguage":"sq-AL","@id":"https:\/\/rivedil.mk\/sq\/#\/schema\/logo\/image\/","url":"https:\/\/rivedil.mk\/wp-content\/uploads\/2021\/01\/logo.png","contentUrl":"https:\/\/rivedil.mk\/wp-content\/uploads\/2021\/01\/logo.png","width":593,"height":177,"caption":"rivedil Macedonia"},"image":{"@id":"https:\/\/rivedil.mk\/sq\/#\/schema\/logo\/image\/"},"sameAs":["https:\/\/www.facebook.com\/Riveil.Mk","https:\/\/www.instagram.com\/rivedil_macedonia"]}]}},"_links":{"self":[{"href":"https:\/\/rivedil.mk\/sq\/wp-json\/wp\/v2\/pages\/4223","targetHints":{"allow":["GET"]}}],"collection":[{"href":"https:\/\/rivedil.mk\/sq\/wp-json\/wp\/v2\/pages"}],"about":[{"href":"https:\/\/rivedil.mk\/sq\/wp-json\/wp\/v2\/types\/page"}],"author":[{"embeddable":true,"href":"https:\/\/rivedil.mk\/sq\/wp-json\/wp\/v2\/users\/1"}],"replies":[{"embeddable":true,"href":"https:\/\/rivedil.mk\/sq\/wp-json\/wp\/v2\/comments?post=4223"}],"version-history":[{"count":0,"href":"https:\/\/rivedil.mk\/sq\/wp-json\/wp\/v2\/pages\/4223\/revisions"}],"wp:attachment":[{"href":"https:\/\/rivedil.mk\/sq\/wp-json\/wp\/v2\/media?parent=4223"}],"curies":[{"name":"wp","href":"https:\/\/api.w.org\/{rel}","templated":true}]}}