{"id":4145,"date":"2020-11-12T18:38:34","date_gmt":"2020-11-12T18:38:34","guid":{"rendered":"https:\/\/rivedil.mk\/contact\/"},"modified":"2022-05-07T12:06:33","modified_gmt":"2022-05-07T12:06:33","slug":"contact","status":"publish","type":"page","link":"https:\/\/rivedil.mk\/sq\/contact\/","title":{"rendered":"Kontakt"},"content":{"rendered":"\t\t<div data-elementor-type=\"wp-page\" data-elementor-id=\"4145\" class=\"elementor elementor-4145 elementor-183\" data-elementor-post-type=\"page\">\n\t\t\t\t\t\t<section class=\"elementor-section elementor-top-section elementor-element elementor-element-a4746a6 elementor-section-full_width elementor-section-height-default elementor-section-height-default\" data-id=\"a4746a6\" data-element_type=\"section\" data-e-type=\"section\">\n\t\t\t\t\t\t<div class=\"elementor-container elementor-column-gap-no\">\n\t\t\t\t\t<div class=\"elementor-column elementor-col-100 elementor-top-column elementor-element elementor-element-2182b43\" data-id=\"2182b43\" data-element_type=\"column\" data-e-type=\"column\">\n\t\t\t<div class=\"elementor-widget-wrap elementor-element-populated\">\n\t\t\t\t\t\t<div class=\"elementor-element elementor-element-a577638 elementor-widget elementor-widget-page-header\" data-id=\"a577638\" data-element_type=\"widget\" data-e-type=\"widget\" data-widget_type=\"page-header.default\">\n\t\t\t\t<div class=\"elementor-widget-container\">\n\t\t\t\t\t\t\t<div id=\"section_animation\" class=\"has_transition_1500_quint no_transition white\">\n\t\t\t<div class=\"section_panel\" rel=\"contact\">\n\t\t\t\t<div class=\"section_pic first_run\">\n\t\t\t\t\t<img decoding=\"async\" class=\"scroll_transition mobile_hidden\" src=\"https:\/\/rivedil.mk\/wp-content\/uploads\/2020\/11\/RIVEDIL-MONOCHROME-064.jpg\"> \n\t\t\t\t\t<img decoding=\"async\" class=\"scroll_transition mobile_only\" src=\"https:\/\/rivedil.mk\/wp-content\/uploads\/2020\/11\/RIVEDIL-MONOCHROME-064.jpg\">\n\n\t\t\t\t<\/div>\n\t\t\t\t<div class=\"info has_transition_1500 mobile_only top_translated\">\n\t\t\t\t\t<div class=\"num_back has_transition_1500_inout\"><\/div>\n\t\t\t\t\t\t\t\t\t\t<img decoding=\"async\" class=\"section_triangle full_width\" src=\"https:\/\/rivedil.mk\/wp-content\/themes\/rivedil\/assets\/images\/numbers\/1_4.png\">\n\t\t\t\t\t<div class=\"info_data has_transition_1500_inout\">\n\t\t\t\t\t\t<div class=\"section_panel_title\">\n\t\t\t\t\t\t\t<h1>Kontakti<\/h1>\n\t\t\t\t\t\t<\/div>\n\t\t\t\t\t\t<div class=\"section_subtitle\">\n\t\t\t\t\t\t\t<h2>lokacioni<\/h2>\n\t\t\t\t\t\t<\/div>\n\t\t\t\t\t<\/div>\n\t\t\t\t<\/div>\n\t\t\t<\/div>\n\t\t\t<div id=\"head_content\" class=\"has_transition_1000_inout\">\n\t\t\t\t<div class=\"back_1 no_width reverse has_transition_1000_inout\"><\/div>\n\t\t\t\t<div class=\"back_2 no_width reverse has_transition_1000_inout\"><\/div>\n\n\t\t\t\t\n\t\t\t\t<div class=\"panel_name subsection location\">\n\t\t\t\t\t<div class=\"name_body level_3\">\n\t\t\t\t\t\t<div class=\"separator hidden has_transition_1500\"><\/div>\n\t\t\t\t\t\t<p class=\"small_num\">\n\t\t\t\t\t\t\t<span class=\"dark top_double has_transition_1500\">1<\/span>\n\t\t\t\t\t\t\t\t\t\t\t\t\t\t\t<span class=\"white top_double has_transition_1500\">.4<\/span>\n\t\t\t\t\t\t\t\t\t\t\t\t\t\t\t\t\t\t\t\t<\/p>\n\t\t\t\t\t\t<div class=\"separator hidden has_transition_1500\"><\/div>\n\t\t\t\t\t\t<div class=\"no_overflow top_container\">\n\t\t\t\t\t\t\t<p class=\"section_top top_hidden has_transition_1200\">Kontakti<\/p>\n\t\t\t\t\t\t<\/div>\n\t\t\t\t\t\t<div class=\"no_overflow name_container\">\n\t\t\t\t\t\t\t<p class=\"section_name top_hidden has_transition_1200\">lokacioni<\/p>\n\t\t\t\t\t\t<\/div>\n\t\t\t\t\t<\/div>\n\t\t\t\t<\/div>\n\t\t\t<\/div>\n\t\t<\/div>\n\t\t\t\t\t\t<\/div>\n\t\t\t\t<\/div>\n\t\t\t\t\t<\/div>\n\t\t<\/div>\n\t\t\t\t\t<\/div>\n\t\t<\/section>\n\t\t\t\t<section class=\"elementor-section elementor-top-section elementor-element elementor-element-4f794a2 elementor-section-full_width elementor-section-height-default elementor-section-height-default\" data-id=\"4f794a2\" data-element_type=\"section\" data-e-type=\"section\" id=\"section_content\">\n\t\t\t\t\t\t<div class=\"elementor-container elementor-column-gap-no\">\n\t\t\t\t\t<div class=\"elementor-column elementor-col-100 elementor-top-column elementor-element elementor-element-369613d\" data-id=\"369613d\" data-element_type=\"column\" data-e-type=\"column\">\n\t\t\t<div class=\"elementor-widget-wrap elementor-element-populated\">\n\t\t\t\t\t\t<div class=\"elementor-element elementor-element-7e489f9 elementor-widget elementor-widget-paragraph-with-heading\" data-id=\"7e489f9\" data-element_type=\"widget\" data-e-type=\"widget\" data-widget_type=\"paragraph-with-heading.default\">\n\t\t\t\t<div class=\"elementor-widget-container\">\n\t\t\t\t\t\t\t<div class=\"row content\">\n\t\t\t<div class=\"paragraph_details\">\n\t\t\t\t\t\t\t\t\t<div class=\"p_detail\">\n\t\t\t\t\t\t<h4><\/h4>\n\t\t\t\t\t\t<p class=\"body_text smaller\"><\/p>\n\t\t\t\t\t<\/div>\n\t\t\t\t\t\t\t<\/div>\n\t\t\t<div class=\"paragraph first\">\n\t\t\t\t<div class=\"no_overflow\">\n\t\t\t\t\t<h1 class=\"big_title has_transition_1000\">Q\u00ebndroni<\/h1>\n\t\t\t\t<\/div>\n\t\t\t\t<div class=\"no_overflow big_subtitle\">\n\t\t\t\t\t<h2 class=\"big_subtitle has_transition_1000\">n\u00eb kontakt.<\/h2>\n\t\t\t\t<\/div>\n\t\t\t\t<p class=\"body_text two_col has_transition_2000\">Keni pyetje n\u00eb lidhje me kompanin\u00eb ton\u00eb? D\u00ebshironi t\u00eb dini m\u00eb shum\u00eb p\u00ebr produktet tona? Keni nevoj\u00eb p\u00ebr nj\u00eb k\u00ebshill\u00eb profesionale? A jeni nj\u00eb Arkitekt dhe doni t\u00eb bashkoheni me ne? Kontaktoni me ekipin ton\u00eb, i cili do t\u00eb jet\u00eb i lumtur t'ju ndihmoj\u00eb me pyetjet tuaj<\/p>\n\t\t\t<\/div>\n\t\t<\/div>\n\t\t\t\t\t\t<\/div>\n\t\t\t\t<\/div>\n\t\t\t\t<div class=\"elementor-element elementor-element-5c3209b elementor-widget elementor-widget-paragraph-with-right-heading\" data-id=\"5c3209b\" data-element_type=\"widget\" data-e-type=\"widget\" data-widget_type=\"paragraph-with-right-heading.default\">\n\t\t\t\t<div class=\"elementor-widget-container\">\n\t\t\t\t\t\t\t<div class=\"row animated flexed first\">\n\t\t\t<div class=\"block_33 grey flexed bottom mobile_hidden\">\n\t\t\t\t<div class=\"how_to_label\">\n\t\t\t\t\t\t\t\t\t\t\t\t\t\t<\/div>\n\t\t\t<\/div>\n\t\t\t<div class=\"block_42 grey covered\">\n\t\t\t\t<div class=\"cover grey has_transition_1500 hidden\"><\/div>\n\t\t\t\t<p class=\"closing content has_transition_1500 hidden no_padding \">\n\t\t\t\t\t<b>Rivedil Macedonia<\/b><br>\nRr. Beli\u00e7ica 12, Gostivar, Maqedonia e Veriut<br>\nph +389 42 212 298<br><br>\nRr.Nikolla Teslla 9\/a, Shkup, Maqedonia e Veriut<br>\nph +389 2 3220 415<br><br>\n<b>Basri Sadiku<\/b> - Drejtor <br>\nph +389 76 200 273<br>\n<b>Qefli Sadiku<\/b> - Menaxher Gostivar<br>\nph +389 71 970 324<br>\n<b>Anes Saboti\u00e7<\/b> - Menaxher Shkup<br>\nph +389 70 846 168<br>\t\t\t\t<\/p>\n\t\t\t<\/div>\n\t\t\t<div class=\"block_25 flexed dark_grey has_download\">\n\t\t\t\t\t\t\t\t\t<div class=\"diagonal_line has_transition_1500_inout\">\n\t\t\t\t\t\t\t<div class=\"_1\"><\/div>\n\t\t\t\t\t\t\t<div class=\"_2\"><\/div>\n\t\t\t\t\t<\/div>\n\t\t\t\t\n\t\t\t\t<div class=\"usable_size\">\n\t\t\t\t\t<div class=\"block_title reversed\">\n\t\t\t\t\t\t<div class=\"no_overflow\">\n\t\t\t\t\t\t\t<p class=\"desc_title top_hidden has_transition_1500\">SHIKO<\/p>\n\t\t\t\t\t\t<\/div>\n\t\t\t\t\t\t<div class=\"no_overflow\">\n\t\t\t\t\t\t\t<p class=\"desc_text top_hidden has_transition_1500\">google map<\/p>\n\t\t\t\t\t\t<\/div>\n\t\t\t\t\t<\/div>\n\t\t\t\t\t\t\t\t\t\t\t<div class=\"download_item has_transition_600 transform_all\">\n\t\t\t\t\t\t\t<div class=\"circle_button bottom \">\n\t\t\t\t\t\t\t\t<div class=\"back hidden_by_scaling_full has_transition_1000 transform_all\"><\/div>\n\t\t\t\t\t\t\t\t<div class=\"arrow hidden has_transition_800\">\n\t\t\t\t\t\t\t\t\t<img decoding=\"async\" src=\"https:\/\/rivedil.mk\/wp-content\/uploads\/2020\/11\/arrow_small.png\" \/>\n\t\t\t\t\t\t\t\t<\/div>\n\t\t\t\t\t\t\t<\/div>\n\t\t\t\t\t\t<\/div>\n\t\t\t\t\t\t\t\t\t<\/div>\n\t\t\t<\/div>\n\t\t<\/div>\n\t\t\t\t\t\t<\/div>\n\t\t\t\t<\/div>\n\t\t\t\t<div class=\"elementor-element elementor-element-1ca6006 elementor-widget elementor-widget-gmap\" data-id=\"1ca6006\" data-element_type=\"widget\" data-e-type=\"widget\" data-widget_type=\"gmap.default\">\n\t\t\t\t<div class=\"elementor-widget-container\">\n\t\t\t\t\t\t\t<div class=\"row map\">\n\t\t\t<div id=\"gmap\" class=\"has_transition_1500 transform_all\">\n\t\t\t\t<iframe src=\"https:\/\/www.google.com\/maps\/d\/embed?mid=17BovmDsKXTXqeqB9q-3nHrL_jUgLfJBz&hl=en&z=11\" width=\"100%\" height=\"800\"><\/iframe>\t\t\t<\/div>\n\t\t<\/div>\n\t\t\t\t\t\t<\/div>\n\t\t\t\t<\/div>\n\t\t\t\t<div class=\"elementor-element elementor-element-ae2001b elementor-widget elementor-widget-contact-form\" data-id=\"ae2001b\" data-element_type=\"widget\" data-e-type=\"widget\" data-widget_type=\"contact-form.default\">\n\t\t\t\t<div class=\"elementor-widget-container\">\n\t\t\t\t\t\t\t<div class=\"row has_form with_pic content\">\n\t\t\t<div class=\"form_info_block\">\n\t\t\t\t<div class=\"block_title\">\n\t\t\t\t\t<div class=\"no_overflow\">\n\t\t\t\t\t\t<p class=\"desc_title top_hidden has_transition_1500\">REQUEST<\/p>\n\t\t\t\t\t<\/div>\n\t\t\t\t\t<div class=\"no_overflow\">\n\t\t\t\t\t\t<p class=\"desc_text top_hidden  has_transition_1500\">your information<\/p>\n\t\t\t\t\t<\/div>\n\t\t\t\t<\/div>\n\t\t\t\t<div class=\"no_overflow form_description\">\n\t\t\t\t\t<p class=\"has_transition_1500 top_hidden\">Fill the form and we will get back to you as soon as possible.<\/p>\n\t\t\t\t<\/div>\n\t\t\t<\/div>\n\t\t\t<div class=\"page_form\" rel=\"map\">\n\t\t\t\t\n<div class=\"wpcf7 no-js\" id=\"wpcf7-f4199-o1\" lang=\"en-US\" dir=\"ltr\" data-wpcf7-id=\"4199\">\n<div class=\"screen-reader-response\"><p role=\"status\" aria-live=\"polite\" aria-atomic=\"true\"><\/p> <ul><\/ul><\/div>\n<form action=\"\/sq\/wp-json\/wp\/v2\/pages\/4145#wpcf7-f4199-o1\" method=\"post\" class=\"wpcf7-form init\" aria-label=\"Contact form\" novalidate=\"novalidate\" data-status=\"init\">\n<fieldset class=\"hidden-fields-container\"><input type=\"hidden\" name=\"_wpcf7\" value=\"4199\" \/><input type=\"hidden\" name=\"_wpcf7_version\" value=\"6.1.4\" \/><input type=\"hidden\" name=\"_wpcf7_locale\" value=\"en_US\" \/><input type=\"hidden\" name=\"_wpcf7_unit_tag\" value=\"wpcf7-f4199-o1\" \/><input type=\"hidden\" name=\"_wpcf7_container_post\" value=\"0\" \/><input type=\"hidden\" name=\"_wpcf7_posted_data_hash\" value=\"\" \/><input type=\"hidden\" name=\"_wpcf7_recaptcha_response\" value=\"\" \/>\n<\/fieldset>\n<div class=\"form_container\">\n\t<div class=\"form_input half has_transition_800\">\n\t\t<p><span class=\"wpcf7-form-control-wrap\" data-name=\"client_firstname\"><input size=\"40\" maxlength=\"400\" class=\"wpcf7-form-control wpcf7-text wpcf7-validates-as-required top_double has_transition_1000\" id=\"firstname\" aria-required=\"true\" aria-invalid=\"false\" placeholder=\"emri\" value=\"\" type=\"text\" name=\"client_firstname\" \/><\/span>\n\t\t<\/p>\n\t<\/div>\n\t<div class=\"form_input half has_transition_800\">\n\t\t<p><span class=\"wpcf7-form-control-wrap\" data-name=\"client_lastname\"><input size=\"40\" maxlength=\"400\" class=\"wpcf7-form-control wpcf7-text wpcf7-validates-as-required top_double has_transition_1000\" id=\"lastname\" aria-required=\"true\" aria-invalid=\"false\" placeholder=\"mbiemri\" value=\"\" type=\"text\" name=\"client_lastname\" \/><\/span>\n\t\t<\/p>\n\t<\/div>\n<\/div>\n<div class=\"form_input mt-35 has_transition_800\">\n\t<p><span class=\"wpcf7-form-control-wrap\" data-name=\"client_email\"><input size=\"40\" maxlength=\"400\" class=\"wpcf7-form-control wpcf7-email wpcf7-validates-as-required wpcf7-text wpcf7-validates-as-email top_double has_transition_1000\" id=\"email\" aria-required=\"true\" aria-invalid=\"false\" placeholder=\"email\" value=\"\" type=\"email\" name=\"client_email\" \/><\/span>\n\t<\/p>\n<\/div>\n<div class=\"form_container mt-35\">\n\t<div class=\"form_input full_width has_transition_800\">\n\t\t<p><span class=\"wpcf7-form-control-wrap\" data-name=\"client_message\"><textarea cols=\"40\" rows=\"10\" maxlength=\"2000\" class=\"wpcf7-form-control wpcf7-textarea top_double has_transition_1000\" id=\"message\" aria-invalid=\"false\" placeholder=\"mesazhi\" name=\"client_message\"><\/textarea><\/span>\n\t\t<\/p>\n\t<\/div>\n<\/div>\n<div class=\" form_input privacy\">\n\t<p><label for=\"privacy\" class=\"top_double has_transition_1000\">privat\u00ebsia<\/label><br \/>\n<span class=\"has_transition_1000\" >Kjo faqe \u00ebsht\u00eb e mbrojtur nga reCAPTCHA dhe Google <a href=\"https:\/\/policies.google.com\/privacy\">Politika e privat\u00ebsis\u00eb<\/a> dhe\t<a href=\"https:\/\/policies.google.com\/terms\">Kushtet e sh\u00ebrbimit<\/a> zbatohen.<\/span><br \/>\n<span class=\"has_transition_1000\" readonly>T\u00eb dh\u00ebnat personale t\u00eb siguruara nga plot\u00ebsimi i k\u00ebsaj forme do t\u00eb p\u00ebrpunohen, kryesisht n\u00eb nj\u00eb m\u00ebnyr\u00eb dixhitale, p\u00ebr t\u00eb siguruar reagime mbi informacionin e k\u00ebrkuar. Dor\u00ebzimi i t\u00eb dh\u00ebnave lejon kompanin\u00eb t'ju kontaktoj\u00eb m\u00eb shpejt, p\u00ebr t\u00eb dh\u00ebn\u00eb nj\u00eb p\u00ebrgjigje m\u00eb t\u00eb sakt\u00eb dhe p\u00ebr t\u00eb p\u00ebrpunuar statistika anonime p\u00ebr klient\u00ebt e tyre dhe \/ ose klient\u00ebt e mundsh\u00ebm. T\u00eb dh\u00ebnat e ofruara nuk do t'u zbulohen pal\u00ebve t\u00eb treta ose t\u00eb p\u00ebrhapen n\u00eb asnj\u00eb m\u00ebnyr\u00eb.<\/span>\n\t<\/p>\n\t<div class=\"has_transition_1000\">\n\t\t<p><span class=\"wpcf7-form-control-wrap\" data-name=\"accept-privacy\"><span class=\"wpcf7-form-control wpcf7-acceptance\"><span class=\"wpcf7-list-item\"><label><input type=\"checkbox\" name=\"accept-privacy\" value=\"1\" aria-invalid=\"false\" \/><span class=\"wpcf7-list-item-label\"><span>Klikoni k\u00ebtu n\u00ebse i pranoni k\u00ebto kushte.<\/span><\/span><\/label><\/span><\/span><\/span>\n\t\t<\/p>\n\t<\/div>\n<\/div>\n<div class=\"form_controls flex-end\">\n\t<div class=\"form_submit has_transition_1000 top_double\">\n\t\t<div class=\"submit_holder\">\n\t\t\t<p><input class=\"wpcf7-form-control wpcf7-submit has-spinner\" type=\"submit\" value=\"Send\" \/>\n\t\t\t<\/p>\n\t\t<\/div>\n\t<\/div>\n<\/div><div class=\"wpcf7-response-output\" aria-hidden=\"true\"><\/div>\n<\/form>\n<\/div>\n\t\t\t<\/div>\n\t\t\t<div class=\"block_25 flexed\">\n\t\t\t\t<img decoding=\"async\" class=\"full_width has_transition_1500\" src=\"https:\/\/rivedil.mk\/wp-content\/uploads\/2021\/01\/contact2.jpg\" \/>\n\t\t\t<\/div>\n\t\t<\/div>\n\t\t\t\t\t\t<\/div>\n\t\t\t\t<\/div>\n\t\t\t\t\t<\/div>\n\t\t<\/div>\n\t\t\t\t\t<\/div>\n\t\t<\/section>\n\t\t\t\t<\/div>\n\t\t","protected":false},"excerpt":{"rendered":"<p>Kontakti lokacioni 1 .4 Kontakti lokacioni Q\u00ebndroni n\u00eb kontakt. Keni pyetje n\u00eb lidhje me kompanin\u00eb ton\u00eb? D\u00ebshironi t\u00eb dini m\u00eb shum\u00eb p\u00ebr produktet tona? Keni nevoj\u00eb p\u00ebr nj\u00eb k\u00ebshill\u00eb profesionale? A jeni nj\u00eb Arkitekt dhe doni t\u00eb bashkoheni me ne? Kontaktoni me ekipin ton\u00eb, i cili do t\u00eb jet\u00eb i lumtur t&#8217;ju ndihmoj\u00eb me pyetjet [&hellip;]<\/p>\n","protected":false},"author":1,"featured_media":0,"parent":0,"menu_order":0,"comment_status":"closed","ping_status":"closed","template":"","meta":{"_acf_changed":false,"footnotes":""},"class_list":["post-4145","page","type-page","status-publish","hentry"],"acf":[],"yoast_head":"<!-- This site is optimized with the Yoast SEO plugin v26.9 - https:\/\/yoast.com\/product\/yoast-seo-wordpress\/ -->\n<title>Kontakt - rivedil Macedonia<\/title>\n<meta name=\"robots\" content=\"index, follow, max-snippet:-1, max-image-preview:large, max-video-preview:-1\" \/>\n<link rel=\"canonical\" href=\"https:\/\/rivedil.mk\/sq\/contact\/\" \/>\n<meta property=\"og:locale\" content=\"sq_AL\" \/>\n<meta property=\"og:type\" content=\"article\" \/>\n<meta property=\"og:title\" content=\"Kontakt - rivedil Macedonia\" \/>\n<meta property=\"og:description\" content=\"Kontakti lokacioni 1 .4 Kontakti lokacioni Q\u00ebndroni n\u00eb kontakt. Keni pyetje n\u00eb lidhje me kompanin\u00eb ton\u00eb? D\u00ebshironi t\u00eb dini m\u00eb shum\u00eb p\u00ebr produktet tona? Keni nevoj\u00eb p\u00ebr nj\u00eb k\u00ebshill\u00eb profesionale? A jeni nj\u00eb Arkitekt dhe doni t\u00eb bashkoheni me ne? Kontaktoni me ekipin ton\u00eb, i cili do t\u00eb jet\u00eb i lumtur t&#8217;ju ndihmoj\u00eb me pyetjet [&hellip;]\" \/>\n<meta property=\"og:url\" content=\"https:\/\/rivedil.mk\/sq\/contact\/\" \/>\n<meta property=\"og:site_name\" content=\"rivedil Macedonia\" \/>\n<meta property=\"article:publisher\" content=\"https:\/\/www.facebook.com\/Riveil.Mk\" \/>\n<meta property=\"article:modified_time\" content=\"2022-05-07T12:06:33+00:00\" \/>\n<meta property=\"og:image\" content=\"https:\/\/rivedil.mk\/wp-content\/uploads\/2020\/11\/RIVEDIL-MONOCHROME-064.jpg\" \/>\n<meta name=\"twitter:card\" content=\"summary_large_image\" \/>\n<meta name=\"twitter:label1\" content=\"Est. reading time\" \/>\n\t<meta name=\"twitter:data1\" content=\"1 minute\" \/>\n<script type=\"application\/ld+json\" class=\"yoast-schema-graph\">{\"@context\":\"https:\/\/schema.org\",\"@graph\":[{\"@type\":\"WebPage\",\"@id\":\"https:\/\/rivedil.mk\/sq\/contact\/\",\"url\":\"https:\/\/rivedil.mk\/sq\/contact\/\",\"name\":\"Kontakt - rivedil Macedonia\",\"isPartOf\":{\"@id\":\"https:\/\/rivedil.mk\/sq\/#website\"},\"primaryImageOfPage\":{\"@id\":\"https:\/\/rivedil.mk\/sq\/contact\/#primaryimage\"},\"image\":{\"@id\":\"https:\/\/rivedil.mk\/sq\/contact\/#primaryimage\"},\"thumbnailUrl\":\"https:\/\/rivedil.mk\/wp-content\/uploads\/2020\/11\/RIVEDIL-MONOCHROME-064.jpg\",\"datePublished\":\"2020-11-12T18:38:34+00:00\",\"dateModified\":\"2022-05-07T12:06:33+00:00\",\"breadcrumb\":{\"@id\":\"https:\/\/rivedil.mk\/sq\/contact\/#breadcrumb\"},\"inLanguage\":\"sq-AL\",\"potentialAction\":[{\"@type\":\"ReadAction\",\"target\":[\"https:\/\/rivedil.mk\/sq\/contact\/\"]}]},{\"@type\":\"ImageObject\",\"inLanguage\":\"sq-AL\",\"@id\":\"https:\/\/rivedil.mk\/sq\/contact\/#primaryimage\",\"url\":\"https:\/\/rivedil.mk\/wp-content\/uploads\/2020\/11\/RIVEDIL-MONOCHROME-064.jpg\",\"contentUrl\":\"https:\/\/rivedil.mk\/wp-content\/uploads\/2020\/11\/RIVEDIL-MONOCHROME-064.jpg\"},{\"@type\":\"BreadcrumbList\",\"@id\":\"https:\/\/rivedil.mk\/sq\/contact\/#breadcrumb\",\"itemListElement\":[{\"@type\":\"ListItem\",\"position\":1,\"name\":\"Home\",\"item\":\"https:\/\/rivedil.mk\/sq\/\"},{\"@type\":\"ListItem\",\"position\":2,\"name\":\"Kontakt\"}]},{\"@type\":\"WebSite\",\"@id\":\"https:\/\/rivedil.mk\/sq\/#website\",\"url\":\"https:\/\/rivedil.mk\/sq\/\",\"name\":\"rivedil Macedonia\",\"description\":\"Exclusive Paint\",\"publisher\":{\"@id\":\"https:\/\/rivedil.mk\/sq\/#organization\"},\"potentialAction\":[{\"@type\":\"SearchAction\",\"target\":{\"@type\":\"EntryPoint\",\"urlTemplate\":\"https:\/\/rivedil.mk\/sq\/?s={search_term_string}\"},\"query-input\":{\"@type\":\"PropertyValueSpecification\",\"valueRequired\":true,\"valueName\":\"search_term_string\"}}],\"inLanguage\":\"sq-AL\"},{\"@type\":\"Organization\",\"@id\":\"https:\/\/rivedil.mk\/sq\/#organization\",\"name\":\"rivedil Macedonia\",\"url\":\"https:\/\/rivedil.mk\/sq\/\",\"logo\":{\"@type\":\"ImageObject\",\"inLanguage\":\"sq-AL\",\"@id\":\"https:\/\/rivedil.mk\/sq\/#\/schema\/logo\/image\/\",\"url\":\"https:\/\/rivedil.mk\/wp-content\/uploads\/2021\/01\/logo.png\",\"contentUrl\":\"https:\/\/rivedil.mk\/wp-content\/uploads\/2021\/01\/logo.png\",\"width\":593,\"height\":177,\"caption\":\"rivedil Macedonia\"},\"image\":{\"@id\":\"https:\/\/rivedil.mk\/sq\/#\/schema\/logo\/image\/\"},\"sameAs\":[\"https:\/\/www.facebook.com\/Riveil.Mk\",\"https:\/\/www.instagram.com\/rivedil_macedonia\"]}]}<\/script>\n<!-- \/ Yoast SEO plugin. -->","yoast_head_json":{"title":"Kontakt - rivedil Macedonia","robots":{"index":"index","follow":"follow","max-snippet":"max-snippet:-1","max-image-preview":"max-image-preview:large","max-video-preview":"max-video-preview:-1"},"canonical":"https:\/\/rivedil.mk\/sq\/contact\/","og_locale":"sq_AL","og_type":"article","og_title":"Kontakt - rivedil Macedonia","og_description":"Kontakti lokacioni 1 .4 Kontakti lokacioni Q\u00ebndroni n\u00eb kontakt. Keni pyetje n\u00eb lidhje me kompanin\u00eb ton\u00eb? D\u00ebshironi t\u00eb dini m\u00eb shum\u00eb p\u00ebr produktet tona? Keni nevoj\u00eb p\u00ebr nj\u00eb k\u00ebshill\u00eb profesionale? A jeni nj\u00eb Arkitekt dhe doni t\u00eb bashkoheni me ne? Kontaktoni me ekipin ton\u00eb, i cili do t\u00eb jet\u00eb i lumtur t&#8217;ju ndihmoj\u00eb me pyetjet [&hellip;]","og_url":"https:\/\/rivedil.mk\/sq\/contact\/","og_site_name":"rivedil Macedonia","article_publisher":"https:\/\/www.facebook.com\/Riveil.Mk","article_modified_time":"2022-05-07T12:06:33+00:00","og_image":[{"url":"https:\/\/rivedil.mk\/wp-content\/uploads\/2020\/11\/RIVEDIL-MONOCHROME-064.jpg","type":"","width":"","height":""}],"twitter_card":"summary_large_image","twitter_misc":{"Est. reading time":"1 minute"},"schema":{"@context":"https:\/\/schema.org","@graph":[{"@type":"WebPage","@id":"https:\/\/rivedil.mk\/sq\/contact\/","url":"https:\/\/rivedil.mk\/sq\/contact\/","name":"Kontakt - rivedil Macedonia","isPartOf":{"@id":"https:\/\/rivedil.mk\/sq\/#website"},"primaryImageOfPage":{"@id":"https:\/\/rivedil.mk\/sq\/contact\/#primaryimage"},"image":{"@id":"https:\/\/rivedil.mk\/sq\/contact\/#primaryimage"},"thumbnailUrl":"https:\/\/rivedil.mk\/wp-content\/uploads\/2020\/11\/RIVEDIL-MONOCHROME-064.jpg","datePublished":"2020-11-12T18:38:34+00:00","dateModified":"2022-05-07T12:06:33+00:00","breadcrumb":{"@id":"https:\/\/rivedil.mk\/sq\/contact\/#breadcrumb"},"inLanguage":"sq-AL","potentialAction":[{"@type":"ReadAction","target":["https:\/\/rivedil.mk\/sq\/contact\/"]}]},{"@type":"ImageObject","inLanguage":"sq-AL","@id":"https:\/\/rivedil.mk\/sq\/contact\/#primaryimage","url":"https:\/\/rivedil.mk\/wp-content\/uploads\/2020\/11\/RIVEDIL-MONOCHROME-064.jpg","contentUrl":"https:\/\/rivedil.mk\/wp-content\/uploads\/2020\/11\/RIVEDIL-MONOCHROME-064.jpg"},{"@type":"BreadcrumbList","@id":"https:\/\/rivedil.mk\/sq\/contact\/#breadcrumb","itemListElement":[{"@type":"ListItem","position":1,"name":"Home","item":"https:\/\/rivedil.mk\/sq\/"},{"@type":"ListItem","position":2,"name":"Kontakt"}]},{"@type":"WebSite","@id":"https:\/\/rivedil.mk\/sq\/#website","url":"https:\/\/rivedil.mk\/sq\/","name":"rivedil Macedonia","description":"Exclusive Paint","publisher":{"@id":"https:\/\/rivedil.mk\/sq\/#organization"},"potentialAction":[{"@type":"SearchAction","target":{"@type":"EntryPoint","urlTemplate":"https:\/\/rivedil.mk\/sq\/?s={search_term_string}"},"query-input":{"@type":"PropertyValueSpecification","valueRequired":true,"valueName":"search_term_string"}}],"inLanguage":"sq-AL"},{"@type":"Organization","@id":"https:\/\/rivedil.mk\/sq\/#organization","name":"rivedil Macedonia","url":"https:\/\/rivedil.mk\/sq\/","logo":{"@type":"ImageObject","inLanguage":"sq-AL","@id":"https:\/\/rivedil.mk\/sq\/#\/schema\/logo\/image\/","url":"https:\/\/rivedil.mk\/wp-content\/uploads\/2021\/01\/logo.png","contentUrl":"https:\/\/rivedil.mk\/wp-content\/uploads\/2021\/01\/logo.png","width":593,"height":177,"caption":"rivedil Macedonia"},"image":{"@id":"https:\/\/rivedil.mk\/sq\/#\/schema\/logo\/image\/"},"sameAs":["https:\/\/www.facebook.com\/Riveil.Mk","https:\/\/www.instagram.com\/rivedil_macedonia"]}]}},"_links":{"self":[{"href":"https:\/\/rivedil.mk\/sq\/wp-json\/wp\/v2\/pages\/4145","targetHints":{"allow":["GET"]}}],"collection":[{"href":"https:\/\/rivedil.mk\/sq\/wp-json\/wp\/v2\/pages"}],"about":[{"href":"https:\/\/rivedil.mk\/sq\/wp-json\/wp\/v2\/types\/page"}],"author":[{"embeddable":true,"href":"https:\/\/rivedil.mk\/sq\/wp-json\/wp\/v2\/users\/1"}],"replies":[{"embeddable":true,"href":"https:\/\/rivedil.mk\/sq\/wp-json\/wp\/v2\/comments?post=4145"}],"version-history":[{"count":0,"href":"https:\/\/rivedil.mk\/sq\/wp-json\/wp\/v2\/pages\/4145\/revisions"}],"wp:attachment":[{"href":"https:\/\/rivedil.mk\/sq\/wp-json\/wp\/v2\/media?parent=4145"}],"curies":[{"name":"wp","href":"https:\/\/api.w.org\/{rel}","templated":true}]}}