{"id":4135,"date":"2020-12-01T15:07:49","date_gmt":"2020-12-01T15:07:49","guid":{"rendered":"https:\/\/rivedil.mk\/ecology\/"},"modified":"2021-03-19T19:34:02","modified_gmt":"2021-03-19T19:34:02","slug":"ecology","status":"publish","type":"page","link":"https:\/\/rivedil.mk\/sq\/ecology\/","title":{"rendered":"Ekologjia"},"content":{"rendered":"\t\t<div data-elementor-type=\"wp-page\" data-elementor-id=\"4135\" class=\"elementor elementor-4135 elementor-1084\" data-elementor-post-type=\"page\">\n\t\t\t\t\t\t<section class=\"elementor-section elementor-top-section elementor-element elementor-element-9dac8ac elementor-section-full_width elementor-section-height-default elementor-section-height-default\" data-id=\"9dac8ac\" data-element_type=\"section\" data-e-type=\"section\">\n\t\t\t\t\t\t<div class=\"elementor-container elementor-column-gap-no\">\n\t\t\t\t\t<div class=\"elementor-column elementor-col-100 elementor-top-column elementor-element elementor-element-b9cabde\" data-id=\"b9cabde\" data-element_type=\"column\" data-e-type=\"column\">\n\t\t\t<div class=\"elementor-widget-wrap elementor-element-populated\">\n\t\t\t\t\t\t<div class=\"elementor-element elementor-element-0b38105 elementor-widget elementor-widget-page-header\" data-id=\"0b38105\" data-element_type=\"widget\" data-e-type=\"widget\" data-widget_type=\"page-header.default\">\n\t\t\t\t<div class=\"elementor-widget-container\">\n\t\t\t\t\t\t\t<div id=\"section_animation\" class=\"has_transition_1500_quint no_transition white\">\n\t\t\t<div class=\"section_panel\" rel=\"ecology\">\n\t\t\t\t<div class=\"section_pic first_run\">\n\t\t\t\t\t<img decoding=\"async\" class=\"scroll_transition mobile_hidden\" src=\"https:\/\/rivedil.mk\/wp-content\/uploads\/2021\/03\/ecology.jpg\"> \n\t\t\t\t\t<img decoding=\"async\" class=\"scroll_transition mobile_only\" src=\"https:\/\/rivedil.mk\/wp-content\/uploads\/2021\/03\/ecology_mob.jpg\">\n\n\t\t\t\t<\/div>\n\t\t\t\t<div class=\"info has_transition_1500 mobile_only top_translated\">\n\t\t\t\t\t<div class=\"num_back has_transition_1500_inout\"><\/div>\n\t\t\t\t\t\t\t\t\t\t<img decoding=\"async\" class=\"section_triangle full_width\" src=\"https:\/\/rivedil.mk\/wp-content\/themes\/rivedil\/assets\/images\/numbers\/1_3.png\">\n\t\t\t\t\t<div class=\"info_data has_transition_1500_inout\">\n\t\t\t\t\t\t<div class=\"section_panel_title\">\n\t\t\t\t\t\t\t<h1>Ekologjia dhe<\/h1>\n\t\t\t\t\t\t<\/div>\n\t\t\t\t\t\t<div class=\"section_subtitle\">\n\t\t\t\t\t\t\t<h2>Sertifikatat<\/h2>\n\t\t\t\t\t\t<\/div>\n\t\t\t\t\t<\/div>\n\t\t\t\t<\/div>\n\t\t\t<\/div>\n\t\t\t<div id=\"head_content\" class=\"has_transition_1000_inout\">\n\t\t\t\t<div class=\"back_1 no_width reverse has_transition_1000_inout\"><\/div>\n\t\t\t\t<div class=\"back_2 no_width reverse has_transition_1000_inout\"><\/div>\n\n\t\t\t\t\n\t\t\t\t<div class=\"panel_name subsection \">\n\t\t\t\t\t<div class=\"name_body level_3\">\n\t\t\t\t\t\t<div class=\"separator hidden has_transition_1500\"><\/div>\n\t\t\t\t\t\t<p class=\"small_num\">\n\t\t\t\t\t\t\t<span class=\"dark top_double has_transition_1500\">1<\/span>\n\t\t\t\t\t\t\t\t\t\t\t\t\t\t\t<span class=\"white top_double has_transition_1500\">.3<\/span>\n\t\t\t\t\t\t\t\t\t\t\t\t\t\t\t\t\t\t\t\t<\/p>\n\t\t\t\t\t\t<div class=\"separator hidden has_transition_1500\"><\/div>\n\t\t\t\t\t\t<div class=\"no_overflow top_container\">\n\t\t\t\t\t\t\t<p class=\"section_top top_hidden has_transition_1200\">Ekologjia dhe<\/p>\n\t\t\t\t\t\t<\/div>\n\t\t\t\t\t\t<div class=\"no_overflow name_container\">\n\t\t\t\t\t\t\t<p class=\"section_name top_hidden has_transition_1200\">Sertifikatat<\/p>\n\t\t\t\t\t\t<\/div>\n\t\t\t\t\t<\/div>\n\t\t\t\t<\/div>\n\t\t\t<\/div>\n\t\t<\/div>\n\t\t\t\t\t\t<\/div>\n\t\t\t\t<\/div>\n\t\t\t\t\t<\/div>\n\t\t<\/div>\n\t\t\t\t\t<\/div>\n\t\t<\/section>\n\t\t\t\t<section class=\"elementor-section elementor-top-section elementor-element elementor-element-1eb583e elementor-section-full_width elementor-section-height-default elementor-section-height-default\" data-id=\"1eb583e\" data-element_type=\"section\" data-e-type=\"section\">\n\t\t\t\t\t\t<div class=\"elementor-container elementor-column-gap-no\">\n\t\t\t\t\t<div class=\"elementor-column elementor-col-100 elementor-top-column elementor-element elementor-element-334afea\" data-id=\"334afea\" data-element_type=\"column\" data-e-type=\"column\">\n\t\t\t<div class=\"elementor-widget-wrap elementor-element-populated\">\n\t\t\t\t\t\t<div class=\"elementor-element elementor-element-32eeeb5 elementor-widget elementor-widget-paragraph-with-right-heading\" data-id=\"32eeeb5\" data-element_type=\"widget\" data-e-type=\"widget\" data-widget_type=\"paragraph-with-right-heading.default\">\n\t\t\t\t<div class=\"elementor-widget-container\">\n\t\t\t\t\t\t\t<div class=\"row animated flexed first\">\n\t\t\t<div class=\"block_33 grey flexed bottom mobile_hidden\">\n\t\t\t\t<div class=\"how_to_label\">\n\t\t\t\t\t\t\t\t\t\t\t<img decoding=\"async\" src=\"https:\/\/rivedil.mk\/wp-content\/uploads\/2020\/12\/voc-free-rivedil.jpg\">\n\t\t\t\t\t\t\t\t\t\t\t\t\t\t<\/div>\n\t\t\t<\/div>\n\t\t\t<div class=\"block_42 grey covered\">\n\t\t\t\t<div class=\"cover grey has_transition_1500 hidden\"><\/div>\n\t\t\t\t<p class=\"closing content has_transition_1500 hidden no_padding \">\n\t\t\t\t\t<i>Cil\u00ebsia \u00ebsht\u00eb p\u00ebrgjegj\u00ebsi<\/i>\n<br><br>\nKjo \u00ebsht\u00eb arsyeja pse ne zgjedhim me kujdes \u00e7do material &#8211; veshje, estetikisht t\u00eb shk\u00eblqyera, por mbi t\u00eb gjitha respektojne sh\u00ebndetin dhe mjedisin.\n\nRivedil p\u00ebrputhet me rregulloret evropiane n\u00eb lidhje me uljen e ndotjes s\u00eb ajrit, t\u00eb jasht\u00ebm dhe t\u00eb brendsh\u00ebm, q\u00eb rrjedhin nga VOC (P\u00ebrb\u00ebrjet Organike t\u00eb paq\u00ebndrueshme), duke formuluar me profesionaliz\u00ebm produkte me ndikim minimal mjedisor dhe q\u00eb shprehin rezultate shum\u00eb m\u00eb t\u00eb ul\u00ebta se vlerat kufi t\u00eb p\u00ebrcaktuara me ligj.\n<br><br>\nLogot tona t\u00eb ul\u00ebta <b>Voc, A + dhe Voc Free<\/b> dallojn\u00eb k\u00ebt\u00eb angazhim\n<br>\n<i>Cil\u00ebsia \u00ebsht\u00eb angazhim<\/i>\n<br><br>\nRivedil optimizon proceset operacionale konform k\u00ebrkesave t\u00eb specifikuara nga standardi <b>UNI EN ISO 9001:2015.<\/b>\t\t\t\t<\/p>\n\t\t\t<\/div>\n\t\t\t<div class=\"block_25 flexed dark_grey has_download\">\n\t\t\t\t\n\t\t\t\t<div class=\"usable_size\">\n\t\t\t\t\t<div class=\"block_title reversed\">\n\t\t\t\t\t\t<div class=\"no_overflow\">\n\t\t\t\t\t\t\t<p class=\"desc_title top_hidden has_transition_1500\">KUALITETI DHE<\/p>\n\t\t\t\t\t\t<\/div>\n\t\t\t\t\t\t<div class=\"no_overflow\">\n\t\t\t\t\t\t\t<p class=\"desc_text top_hidden has_transition_1500\">Certifikatat<\/p>\n\t\t\t\t\t\t<\/div>\n\t\t\t\t\t<\/div>\n\t\t\t\t\t\t\t\t\t<\/div>\n\t\t\t<\/div>\n\t\t<\/div>\n\t\t\t\t\t\t<\/div>\n\t\t\t\t<\/div>\n\t\t\t\t\t<\/div>\n\t\t<\/div>\n\t\t\t\t\t<\/div>\n\t\t<\/section>\n\t\t\t\t<\/div>\n\t\t","protected":false},"excerpt":{"rendered":"<p>Ekologjia dhe Sertifikatat 1 .3 Ekologjia dhe Sertifikatat Cil\u00ebsia \u00ebsht\u00eb p\u00ebrgjegj\u00ebsi Kjo \u00ebsht\u00eb arsyeja pse ne zgjedhim me kujdes \u00e7do material &#8211; veshje, estetikisht t\u00eb shk\u00eblqyera, por mbi t\u00eb gjitha respektojne sh\u00ebndetin dhe mjedisin. Rivedil p\u00ebrputhet me rregulloret evropiane n\u00eb lidhje me uljen e ndotjes s\u00eb ajrit, t\u00eb jasht\u00ebm dhe t\u00eb brendsh\u00ebm, q\u00eb rrjedhin nga [&hellip;]<\/p>\n","protected":false},"author":1,"featured_media":0,"parent":0,"menu_order":0,"comment_status":"closed","ping_status":"closed","template":"","meta":{"_acf_changed":false,"footnotes":""},"class_list":["post-4135","page","type-page","status-publish","hentry"],"acf":[],"yoast_head":"<!-- This site is optimized with the Yoast SEO plugin v26.9 - https:\/\/yoast.com\/product\/yoast-seo-wordpress\/ -->\n<title>Ekologjia - rivedil Macedonia<\/title>\n<meta name=\"robots\" content=\"index, follow, max-snippet:-1, max-image-preview:large, max-video-preview:-1\" \/>\n<link rel=\"canonical\" href=\"https:\/\/rivedil.mk\/sq\/ecology\/\" \/>\n<meta property=\"og:locale\" content=\"sq_AL\" \/>\n<meta property=\"og:type\" content=\"article\" \/>\n<meta property=\"og:title\" content=\"Ekologjia - rivedil Macedonia\" \/>\n<meta property=\"og:description\" content=\"Ekologjia dhe Sertifikatat 1 .3 Ekologjia dhe Sertifikatat Cil\u00ebsia \u00ebsht\u00eb p\u00ebrgjegj\u00ebsi Kjo \u00ebsht\u00eb arsyeja pse ne zgjedhim me kujdes \u00e7do material &#8211; veshje, estetikisht t\u00eb shk\u00eblqyera, por mbi t\u00eb gjitha respektojne sh\u00ebndetin dhe mjedisin. Rivedil p\u00ebrputhet me rregulloret evropiane n\u00eb lidhje me uljen e ndotjes s\u00eb ajrit, t\u00eb jasht\u00ebm dhe t\u00eb brendsh\u00ebm, q\u00eb rrjedhin nga [&hellip;]\" \/>\n<meta property=\"og:url\" content=\"https:\/\/rivedil.mk\/sq\/ecology\/\" \/>\n<meta property=\"og:site_name\" content=\"rivedil Macedonia\" \/>\n<meta property=\"article:publisher\" content=\"https:\/\/www.facebook.com\/Riveil.Mk\" \/>\n<meta property=\"article:modified_time\" content=\"2021-03-19T19:34:02+00:00\" \/>\n<meta property=\"og:image\" content=\"https:\/\/i0.wp.com\/rivedil.mk\/wp-content\/uploads\/2021\/03\/ecology.jpg?w=1920\" \/>\n<meta name=\"twitter:card\" content=\"summary_large_image\" \/>\n<meta name=\"twitter:label1\" content=\"Est. reading time\" \/>\n\t<meta name=\"twitter:data1\" content=\"1 minute\" \/>\n<script type=\"application\/ld+json\" class=\"yoast-schema-graph\">{\"@context\":\"https:\/\/schema.org\",\"@graph\":[{\"@type\":\"WebPage\",\"@id\":\"https:\/\/rivedil.mk\/sq\/ecology\/\",\"url\":\"https:\/\/rivedil.mk\/sq\/ecology\/\",\"name\":\"Ekologjia - rivedil Macedonia\",\"isPartOf\":{\"@id\":\"https:\/\/rivedil.mk\/sq\/#website\"},\"primaryImageOfPage\":{\"@id\":\"https:\/\/rivedil.mk\/sq\/ecology\/#primaryimage\"},\"image\":{\"@id\":\"https:\/\/rivedil.mk\/sq\/ecology\/#primaryimage\"},\"thumbnailUrl\":\"https:\/\/i0.wp.com\/rivedil.mk\/wp-content\/uploads\/2021\/03\/ecology.jpg?w=1920\",\"datePublished\":\"2020-12-01T15:07:49+00:00\",\"dateModified\":\"2021-03-19T19:34:02+00:00\",\"breadcrumb\":{\"@id\":\"https:\/\/rivedil.mk\/sq\/ecology\/#breadcrumb\"},\"inLanguage\":\"sq-AL\",\"potentialAction\":[{\"@type\":\"ReadAction\",\"target\":[\"https:\/\/rivedil.mk\/sq\/ecology\/\"]}]},{\"@type\":\"ImageObject\",\"inLanguage\":\"sq-AL\",\"@id\":\"https:\/\/rivedil.mk\/sq\/ecology\/#primaryimage\",\"url\":\"https:\/\/i0.wp.com\/rivedil.mk\/wp-content\/uploads\/2021\/03\/ecology.jpg?w=1920\",\"contentUrl\":\"https:\/\/i0.wp.com\/rivedil.mk\/wp-content\/uploads\/2021\/03\/ecology.jpg?w=1920\"},{\"@type\":\"BreadcrumbList\",\"@id\":\"https:\/\/rivedil.mk\/sq\/ecology\/#breadcrumb\",\"itemListElement\":[{\"@type\":\"ListItem\",\"position\":1,\"name\":\"Home\",\"item\":\"https:\/\/rivedil.mk\/sq\/\"},{\"@type\":\"ListItem\",\"position\":2,\"name\":\"Ekologjia\"}]},{\"@type\":\"WebSite\",\"@id\":\"https:\/\/rivedil.mk\/sq\/#website\",\"url\":\"https:\/\/rivedil.mk\/sq\/\",\"name\":\"rivedil Macedonia\",\"description\":\"Exclusive Paint\",\"publisher\":{\"@id\":\"https:\/\/rivedil.mk\/sq\/#organization\"},\"potentialAction\":[{\"@type\":\"SearchAction\",\"target\":{\"@type\":\"EntryPoint\",\"urlTemplate\":\"https:\/\/rivedil.mk\/sq\/?s={search_term_string}\"},\"query-input\":{\"@type\":\"PropertyValueSpecification\",\"valueRequired\":true,\"valueName\":\"search_term_string\"}}],\"inLanguage\":\"sq-AL\"},{\"@type\":\"Organization\",\"@id\":\"https:\/\/rivedil.mk\/sq\/#organization\",\"name\":\"rivedil Macedonia\",\"url\":\"https:\/\/rivedil.mk\/sq\/\",\"logo\":{\"@type\":\"ImageObject\",\"inLanguage\":\"sq-AL\",\"@id\":\"https:\/\/rivedil.mk\/sq\/#\/schema\/logo\/image\/\",\"url\":\"https:\/\/rivedil.mk\/wp-content\/uploads\/2021\/01\/logo.png\",\"contentUrl\":\"https:\/\/rivedil.mk\/wp-content\/uploads\/2021\/01\/logo.png\",\"width\":593,\"height\":177,\"caption\":\"rivedil Macedonia\"},\"image\":{\"@id\":\"https:\/\/rivedil.mk\/sq\/#\/schema\/logo\/image\/\"},\"sameAs\":[\"https:\/\/www.facebook.com\/Riveil.Mk\",\"https:\/\/www.instagram.com\/rivedil_macedonia\"]}]}<\/script>\n<!-- \/ Yoast SEO plugin. -->","yoast_head_json":{"title":"Ekologjia - rivedil Macedonia","robots":{"index":"index","follow":"follow","max-snippet":"max-snippet:-1","max-image-preview":"max-image-preview:large","max-video-preview":"max-video-preview:-1"},"canonical":"https:\/\/rivedil.mk\/sq\/ecology\/","og_locale":"sq_AL","og_type":"article","og_title":"Ekologjia - rivedil Macedonia","og_description":"Ekologjia dhe Sertifikatat 1 .3 Ekologjia dhe Sertifikatat Cil\u00ebsia \u00ebsht\u00eb p\u00ebrgjegj\u00ebsi Kjo \u00ebsht\u00eb arsyeja pse ne zgjedhim me kujdes \u00e7do material &#8211; veshje, estetikisht t\u00eb shk\u00eblqyera, por mbi t\u00eb gjitha respektojne sh\u00ebndetin dhe mjedisin. Rivedil p\u00ebrputhet me rregulloret evropiane n\u00eb lidhje me uljen e ndotjes s\u00eb ajrit, t\u00eb jasht\u00ebm dhe t\u00eb brendsh\u00ebm, q\u00eb rrjedhin nga [&hellip;]","og_url":"https:\/\/rivedil.mk\/sq\/ecology\/","og_site_name":"rivedil Macedonia","article_publisher":"https:\/\/www.facebook.com\/Riveil.Mk","article_modified_time":"2021-03-19T19:34:02+00:00","og_image":[{"url":"https:\/\/i0.wp.com\/rivedil.mk\/wp-content\/uploads\/2021\/03\/ecology.jpg?w=1920","type":"","width":"","height":""}],"twitter_card":"summary_large_image","twitter_misc":{"Est. reading time":"1 minute"},"schema":{"@context":"https:\/\/schema.org","@graph":[{"@type":"WebPage","@id":"https:\/\/rivedil.mk\/sq\/ecology\/","url":"https:\/\/rivedil.mk\/sq\/ecology\/","name":"Ekologjia - rivedil Macedonia","isPartOf":{"@id":"https:\/\/rivedil.mk\/sq\/#website"},"primaryImageOfPage":{"@id":"https:\/\/rivedil.mk\/sq\/ecology\/#primaryimage"},"image":{"@id":"https:\/\/rivedil.mk\/sq\/ecology\/#primaryimage"},"thumbnailUrl":"https:\/\/i0.wp.com\/rivedil.mk\/wp-content\/uploads\/2021\/03\/ecology.jpg?w=1920","datePublished":"2020-12-01T15:07:49+00:00","dateModified":"2021-03-19T19:34:02+00:00","breadcrumb":{"@id":"https:\/\/rivedil.mk\/sq\/ecology\/#breadcrumb"},"inLanguage":"sq-AL","potentialAction":[{"@type":"ReadAction","target":["https:\/\/rivedil.mk\/sq\/ecology\/"]}]},{"@type":"ImageObject","inLanguage":"sq-AL","@id":"https:\/\/rivedil.mk\/sq\/ecology\/#primaryimage","url":"https:\/\/i0.wp.com\/rivedil.mk\/wp-content\/uploads\/2021\/03\/ecology.jpg?w=1920","contentUrl":"https:\/\/i0.wp.com\/rivedil.mk\/wp-content\/uploads\/2021\/03\/ecology.jpg?w=1920"},{"@type":"BreadcrumbList","@id":"https:\/\/rivedil.mk\/sq\/ecology\/#breadcrumb","itemListElement":[{"@type":"ListItem","position":1,"name":"Home","item":"https:\/\/rivedil.mk\/sq\/"},{"@type":"ListItem","position":2,"name":"Ekologjia"}]},{"@type":"WebSite","@id":"https:\/\/rivedil.mk\/sq\/#website","url":"https:\/\/rivedil.mk\/sq\/","name":"rivedil Macedonia","description":"Exclusive Paint","publisher":{"@id":"https:\/\/rivedil.mk\/sq\/#organization"},"potentialAction":[{"@type":"SearchAction","target":{"@type":"EntryPoint","urlTemplate":"https:\/\/rivedil.mk\/sq\/?s={search_term_string}"},"query-input":{"@type":"PropertyValueSpecification","valueRequired":true,"valueName":"search_term_string"}}],"inLanguage":"sq-AL"},{"@type":"Organization","@id":"https:\/\/rivedil.mk\/sq\/#organization","name":"rivedil Macedonia","url":"https:\/\/rivedil.mk\/sq\/","logo":{"@type":"ImageObject","inLanguage":"sq-AL","@id":"https:\/\/rivedil.mk\/sq\/#\/schema\/logo\/image\/","url":"https:\/\/rivedil.mk\/wp-content\/uploads\/2021\/01\/logo.png","contentUrl":"https:\/\/rivedil.mk\/wp-content\/uploads\/2021\/01\/logo.png","width":593,"height":177,"caption":"rivedil Macedonia"},"image":{"@id":"https:\/\/rivedil.mk\/sq\/#\/schema\/logo\/image\/"},"sameAs":["https:\/\/www.facebook.com\/Riveil.Mk","https:\/\/www.instagram.com\/rivedil_macedonia"]}]}},"_links":{"self":[{"href":"https:\/\/rivedil.mk\/sq\/wp-json\/wp\/v2\/pages\/4135","targetHints":{"allow":["GET"]}}],"collection":[{"href":"https:\/\/rivedil.mk\/sq\/wp-json\/wp\/v2\/pages"}],"about":[{"href":"https:\/\/rivedil.mk\/sq\/wp-json\/wp\/v2\/types\/page"}],"author":[{"embeddable":true,"href":"https:\/\/rivedil.mk\/sq\/wp-json\/wp\/v2\/users\/1"}],"replies":[{"embeddable":true,"href":"https:\/\/rivedil.mk\/sq\/wp-json\/wp\/v2\/comments?post=4135"}],"version-history":[{"count":0,"href":"https:\/\/rivedil.mk\/sq\/wp-json\/wp\/v2\/pages\/4135\/revisions"}],"wp:attachment":[{"href":"https:\/\/rivedil.mk\/sq\/wp-json\/wp\/v2\/media?parent=4135"}],"curies":[{"name":"wp","href":"https:\/\/api.w.org\/{rel}","templated":true}]}}