{"id":4123,"date":"2020-12-01T15:03:16","date_gmt":"2020-12-01T15:03:16","guid":{"rendered":"https:\/\/rivedil.mk\/history\/"},"modified":"2021-02-15T13:19:50","modified_gmt":"2021-02-15T13:19:50","slug":"history","status":"publish","type":"page","link":"https:\/\/rivedil.mk\/sq\/history\/","title":{"rendered":"Historia"},"content":{"rendered":"\t\t<div data-elementor-type=\"wp-page\" data-elementor-id=\"4123\" class=\"elementor elementor-4123 elementor-1073\" data-elementor-post-type=\"page\">\n\t\t\t\t\t\t<section class=\"elementor-section elementor-top-section elementor-element elementor-element-2a1e797 elementor-section-full_width elementor-section-height-default elementor-section-height-default\" data-id=\"2a1e797\" data-element_type=\"section\" data-e-type=\"section\">\n\t\t\t\t\t\t<div class=\"elementor-container elementor-column-gap-no\">\n\t\t\t\t\t<div class=\"elementor-column elementor-col-100 elementor-top-column elementor-element elementor-element-6e46b0f\" data-id=\"6e46b0f\" data-element_type=\"column\" data-e-type=\"column\">\n\t\t\t<div class=\"elementor-widget-wrap elementor-element-populated\">\n\t\t\t\t\t\t<div class=\"elementor-element elementor-element-2b5b00d elementor-widget elementor-widget-page-header\" data-id=\"2b5b00d\" data-element_type=\"widget\" data-e-type=\"widget\" data-widget_type=\"page-header.default\">\n\t\t\t\t<div class=\"elementor-widget-container\">\n\t\t\t\t\t\t\t<div id=\"section_animation\" class=\"has_transition_1500_quint no_transition white\">\n\t\t\t<div class=\"section_panel\" rel=\"history\">\n\t\t\t\t<div class=\"section_pic first_run\">\n\t\t\t\t\t<img decoding=\"async\" class=\"scroll_transition mobile_hidden\" src=\"https:\/\/rivedil.mk\/wp-content\/uploads\/2021\/01\/Company-profile-7.jpg\"> \n\t\t\t\t\t<img decoding=\"async\" class=\"scroll_transition mobile_only\" src=\"https:\/\/rivedil.mk\/wp-content\/uploads\/2021\/01\/Company-profile-7.jpg\">\n\n\t\t\t\t<\/div>\n\t\t\t\t<div class=\"info has_transition_1500 mobile_only top_translated\">\n\t\t\t\t\t<div class=\"num_back has_transition_1500_inout\"><\/div>\n\t\t\t\t\t\t\t\t\t\t<img decoding=\"async\" class=\"section_triangle full_width\" src=\"https:\/\/rivedil.mk\/wp-content\/themes\/rivedil\/assets\/images\/numbers\/1_2.png\">\n\t\t\t\t\t<div class=\"info_data has_transition_1500_inout\">\n\t\t\t\t\t\t<div class=\"section_panel_title\">\n\t\t\t\t\t\t\t<h1>Historia<\/h1>\n\t\t\t\t\t\t<\/div>\n\t\t\t\t\t\t<div class=\"section_subtitle\">\n\t\t\t\t\t\t\t<h2>rr\u00ebnj\u00ebt tona<\/h2>\n\t\t\t\t\t\t<\/div>\n\t\t\t\t\t<\/div>\n\t\t\t\t<\/div>\n\t\t\t<\/div>\n\t\t\t<div id=\"head_content\" class=\"has_transition_1000_inout\">\n\t\t\t\t<div class=\"back_1 no_width reverse has_transition_1000_inout\"><\/div>\n\t\t\t\t<div class=\"back_2 no_width reverse has_transition_1000_inout\"><\/div>\n\n\t\t\t\t\n\t\t\t\t<div class=\"panel_name subsection \">\n\t\t\t\t\t<div class=\"name_body level_3\">\n\t\t\t\t\t\t<div class=\"separator hidden has_transition_1500\"><\/div>\n\t\t\t\t\t\t<p class=\"small_num\">\n\t\t\t\t\t\t\t<span class=\"dark top_double has_transition_1500\">1<\/span>\n\t\t\t\t\t\t\t\t\t\t\t\t\t\t\t<span class=\"white top_double has_transition_1500\">.2<\/span>\n\t\t\t\t\t\t\t\t\t\t\t\t\t\t\t\t\t\t\t\t<\/p>\n\t\t\t\t\t\t<div class=\"separator hidden has_transition_1500\"><\/div>\n\t\t\t\t\t\t<div class=\"no_overflow top_container\">\n\t\t\t\t\t\t\t<p class=\"section_top top_hidden has_transition_1200\">Historia<\/p>\n\t\t\t\t\t\t<\/div>\n\t\t\t\t\t\t<div class=\"no_overflow name_container\">\n\t\t\t\t\t\t\t<p class=\"section_name top_hidden has_transition_1200\">rr\u00ebnj\u00ebt tona<\/p>\n\t\t\t\t\t\t<\/div>\n\t\t\t\t\t<\/div>\n\t\t\t\t<\/div>\n\t\t\t<\/div>\n\t\t<\/div>\n\t\t\t\t\t\t<\/div>\n\t\t\t\t<\/div>\n\t\t\t\t\t<\/div>\n\t\t<\/div>\n\t\t\t\t\t<\/div>\n\t\t<\/section>\n\t\t\t\t<section class=\"elementor-section elementor-top-section elementor-element elementor-element-868a80b elementor-section-full_width elementor-section-height-default elementor-section-height-default\" data-id=\"868a80b\" data-element_type=\"section\" data-e-type=\"section\">\n\t\t\t\t\t\t<div class=\"elementor-container elementor-column-gap-no\">\n\t\t\t\t\t<div class=\"elementor-column elementor-col-100 elementor-top-column elementor-element elementor-element-8ff1139\" data-id=\"8ff1139\" data-element_type=\"column\" data-e-type=\"column\">\n\t\t\t<div class=\"elementor-widget-wrap elementor-element-populated\">\n\t\t\t\t\t\t<div class=\"elementor-element elementor-element-37319e7 elementor-widget elementor-widget-paragraph-with-heading\" data-id=\"37319e7\" data-element_type=\"widget\" data-e-type=\"widget\" data-widget_type=\"paragraph-with-heading.default\">\n\t\t\t\t<div class=\"elementor-widget-container\">\n\t\t\t\t\t\t\t<div class=\"row content\">\n\t\t\t<div class=\"paragraph_details\">\n\t\t\t\t\t\t\t\t\t<div class=\"p_detail\">\n\t\t\t\t\t\t<h4><\/h4>\n\t\t\t\t\t\t<p class=\"body_text smaller\"><\/p>\n\t\t\t\t\t<\/div>\n\t\t\t\t\t\t\t<\/div>\n\t\t\t<div class=\"paragraph first\">\n\t\t\t\t<div class=\"no_overflow\">\n\t\t\t\t\t<h1 class=\"big_title has_transition_1000\">Historia<\/h1>\n\t\t\t\t<\/div>\n\t\t\t\t<div class=\"no_overflow big_subtitle\">\n\t\t\t\t\t<h2 class=\"big_subtitle has_transition_1000\"><\/h2>\n\t\t\t\t<\/div>\n\t\t\t\t<p class=\"body_text two_col has_transition_2000\">Puna shum\u00ebvje\u00e7are n\u00eb shtetin e Italis\u00eb, p\u00ebrvoja dhe profesionalizmi i fituar atje, na motivuan q\u00eb ne veprimtarin\u00eb e njejt\u00eb, me t\u00eb cil\u00ebn punonim n\u00eb Itali, ta sjellim edhe n\u00eb vendin ton\u00eb, gjithmon\u00eb duke menduar p\u00ebr k\u00ebnaq\u00ebsin\u00eb dhe plot\u00ebsimin e kushteve n\u00eb t\u00eb cilat jetoni. U desht\u00ebn 20 vite pun\u00eb n\u00eb Itali p\u00ebr t\u2019iu bindur vetvetes dhe p\u00ebr t\u00eb vendosur q\u00eb t\u00eb njejt\u00ebn l\u00ebmi ta ushtrojm\u00eb edhe n\u00eb shtetin e Maqedonis\u00eb.\n<br><br>\nN\u00eb vitin 2011, ne vendos\u00ebm themelet e para t\u00eb k\u00ebsaj kompanie duke u munduar q\u00eb gjithmon\u00eb e m\u00eb shum\u00eb ta promovjm\u00eb pun\u00ebn ton\u00eb. K\u00ebmb\u00ebngulja dhe d\u00ebshira p\u00ebr pun\u00ebn q\u00eb e b\u00ebnt\u00eb e themeluesit t\u00eb nd\u00ebrmarrjes, Bastri Sadiku, dhe mb\u00ebshtetja e vazhdueshme e djalit t\u00eb tij Qefli Sadiku, ishin faktor\u00ebt kryesor\u00eb, t\u00eb cil\u00ebt e drejtuan nd\u00ebrmarrjen drejt suksesit ku ka arritur edhe sot. Natyrisht q\u00eb filluam me nj\u00eb kapacitet m\u00eb t\u00eb vog\u00ebl, por duke u p\u00ebrqendruar gjithmon\u00eb e m\u00eb shum\u00eb n\u00eb pun\u00eb, ne sot arrit\u00ebm t\u00eb jemi kompania m\u00eb e madhe n\u00eb vend e cila disponon k\u00ebto lloje t\u00eb materialeve.\n<br><br>\nFillimisht u p\u00ebrqendruam n\u00eb qytetin e Gostivarit, ku edhe e hap\u00ebm qendr\u00ebn e par\u00eb, e m\u00eb pas u zgjeruam edhe n\u00eb qytete t\u00eb tjera t\u00eb vendit. Ne jemi t\u00eb par\u00ebt t\u00eb cil\u00ebt ofrojm\u00eb nj\u00eb gam\u00eb t\u00eb madhe t\u00eb ngjyrave t\u00eb dekoreve t\u00eb ndryshme p\u00ebr t\u00eb zbukuruar ambientet e sht\u00ebpive tuaja.\n<br><br>\nAjo q\u00eb na dallon nga t\u00eb tjer\u00ebt \u00ebsht\u00eb garancioni prej 10 vitesh q\u00eb japim p\u00ebr produktet q\u00eb ofrojm\u00eb (n\u00ebse jan\u00eb aplikuar n\u00eb m\u00ebnyrat dhe kushtet e duhura). Prania jon\u00eb n\u00eb disa vende t\u00eb m\u00ebdha n\u00eb Evrop\u00eb si Austri dhe Gjermani, ka provuar t\u00eb jet\u00eb nj\u00eb sukses i madh. N\u00eb t\u00eb ardhmen, kompania jon\u00eb synon t\u00eb zgjerohet n\u00eb vendet dhe qytetet e tjera evropiane, gj\u00eb q\u00eb konfirmon seriozitetin dhe cil\u00ebsin\u00eb ton\u00eb t\u00eb pun\u00ebs.<\/p>\n\t\t\t<\/div>\n\t\t<\/div>\n\t\t\t\t\t\t<\/div>\n\t\t\t\t<\/div>\n\t\t\t\t\t<\/div>\n\t\t<\/div>\n\t\t\t\t\t<\/div>\n\t\t<\/section>\n\t\t\t\t<\/div>\n\t\t","protected":false},"excerpt":{"rendered":"<p>Historia rr\u00ebnj\u00ebt tona 1 .2 Historia rr\u00ebnj\u00ebt tona Historia Puna shum\u00ebvje\u00e7are n\u00eb shtetin e Italis\u00eb, p\u00ebrvoja dhe profesionalizmi i fituar atje, na motivuan q\u00eb ne veprimtarin\u00eb e njejt\u00eb, me t\u00eb cil\u00ebn punonim n\u00eb Itali, ta sjellim edhe n\u00eb vendin ton\u00eb, gjithmon\u00eb duke menduar p\u00ebr k\u00ebnaq\u00ebsin\u00eb dhe plot\u00ebsimin e kushteve n\u00eb t\u00eb cilat jetoni. U desht\u00ebn [&hellip;]<\/p>\n","protected":false},"author":1,"featured_media":0,"parent":0,"menu_order":0,"comment_status":"closed","ping_status":"closed","template":"","meta":{"_acf_changed":false,"footnotes":""},"class_list":["post-4123","page","type-page","status-publish","hentry"],"acf":[],"yoast_head":"<!-- This site is optimized with the Yoast SEO plugin v26.9 - https:\/\/yoast.com\/product\/yoast-seo-wordpress\/ -->\n<title>Historia - rivedil Macedonia<\/title>\n<meta name=\"robots\" content=\"index, follow, max-snippet:-1, max-image-preview:large, max-video-preview:-1\" \/>\n<link rel=\"canonical\" href=\"https:\/\/rivedil.mk\/sq\/history\/\" \/>\n<meta property=\"og:locale\" content=\"sq_AL\" \/>\n<meta property=\"og:type\" content=\"article\" \/>\n<meta property=\"og:title\" content=\"Historia - rivedil Macedonia\" \/>\n<meta property=\"og:description\" content=\"Historia rr\u00ebnj\u00ebt tona 1 .2 Historia rr\u00ebnj\u00ebt tona Historia Puna shum\u00ebvje\u00e7are n\u00eb shtetin e Italis\u00eb, p\u00ebrvoja dhe profesionalizmi i fituar atje, na motivuan q\u00eb ne veprimtarin\u00eb e njejt\u00eb, me t\u00eb cil\u00ebn punonim n\u00eb Itali, ta sjellim edhe n\u00eb vendin ton\u00eb, gjithmon\u00eb duke menduar p\u00ebr k\u00ebnaq\u00ebsin\u00eb dhe plot\u00ebsimin e kushteve n\u00eb t\u00eb cilat jetoni. U desht\u00ebn [&hellip;]\" \/>\n<meta property=\"og:url\" content=\"https:\/\/rivedil.mk\/sq\/history\/\" \/>\n<meta property=\"og:site_name\" content=\"rivedil Macedonia\" \/>\n<meta property=\"article:publisher\" content=\"https:\/\/www.facebook.com\/Riveil.Mk\" \/>\n<meta property=\"article:modified_time\" content=\"2021-02-15T13:19:50+00:00\" \/>\n<meta property=\"og:image\" content=\"https:\/\/rivedil.mk\/wp-content\/uploads\/2021\/01\/Company-profile-7.jpg\" \/>\n<meta name=\"twitter:card\" content=\"summary_large_image\" \/>\n<meta name=\"twitter:label1\" content=\"Est. reading time\" \/>\n\t<meta name=\"twitter:data1\" content=\"2 minutes\" \/>\n<script type=\"application\/ld+json\" class=\"yoast-schema-graph\">{\"@context\":\"https:\/\/schema.org\",\"@graph\":[{\"@type\":\"WebPage\",\"@id\":\"https:\/\/rivedil.mk\/sq\/history\/\",\"url\":\"https:\/\/rivedil.mk\/sq\/history\/\",\"name\":\"Historia - rivedil Macedonia\",\"isPartOf\":{\"@id\":\"https:\/\/rivedil.mk\/sq\/#website\"},\"primaryImageOfPage\":{\"@id\":\"https:\/\/rivedil.mk\/sq\/history\/#primaryimage\"},\"image\":{\"@id\":\"https:\/\/rivedil.mk\/sq\/history\/#primaryimage\"},\"thumbnailUrl\":\"https:\/\/rivedil.mk\/wp-content\/uploads\/2021\/01\/Company-profile-7.jpg\",\"datePublished\":\"2020-12-01T15:03:16+00:00\",\"dateModified\":\"2021-02-15T13:19:50+00:00\",\"breadcrumb\":{\"@id\":\"https:\/\/rivedil.mk\/sq\/history\/#breadcrumb\"},\"inLanguage\":\"sq-AL\",\"potentialAction\":[{\"@type\":\"ReadAction\",\"target\":[\"https:\/\/rivedil.mk\/sq\/history\/\"]}]},{\"@type\":\"ImageObject\",\"inLanguage\":\"sq-AL\",\"@id\":\"https:\/\/rivedil.mk\/sq\/history\/#primaryimage\",\"url\":\"https:\/\/rivedil.mk\/wp-content\/uploads\/2021\/01\/Company-profile-7.jpg\",\"contentUrl\":\"https:\/\/rivedil.mk\/wp-content\/uploads\/2021\/01\/Company-profile-7.jpg\"},{\"@type\":\"BreadcrumbList\",\"@id\":\"https:\/\/rivedil.mk\/sq\/history\/#breadcrumb\",\"itemListElement\":[{\"@type\":\"ListItem\",\"position\":1,\"name\":\"Home\",\"item\":\"https:\/\/rivedil.mk\/sq\/\"},{\"@type\":\"ListItem\",\"position\":2,\"name\":\"Historia\"}]},{\"@type\":\"WebSite\",\"@id\":\"https:\/\/rivedil.mk\/sq\/#website\",\"url\":\"https:\/\/rivedil.mk\/sq\/\",\"name\":\"rivedil Macedonia\",\"description\":\"Exclusive Paint\",\"publisher\":{\"@id\":\"https:\/\/rivedil.mk\/sq\/#organization\"},\"potentialAction\":[{\"@type\":\"SearchAction\",\"target\":{\"@type\":\"EntryPoint\",\"urlTemplate\":\"https:\/\/rivedil.mk\/sq\/?s={search_term_string}\"},\"query-input\":{\"@type\":\"PropertyValueSpecification\",\"valueRequired\":true,\"valueName\":\"search_term_string\"}}],\"inLanguage\":\"sq-AL\"},{\"@type\":\"Organization\",\"@id\":\"https:\/\/rivedil.mk\/sq\/#organization\",\"name\":\"rivedil Macedonia\",\"url\":\"https:\/\/rivedil.mk\/sq\/\",\"logo\":{\"@type\":\"ImageObject\",\"inLanguage\":\"sq-AL\",\"@id\":\"https:\/\/rivedil.mk\/sq\/#\/schema\/logo\/image\/\",\"url\":\"https:\/\/rivedil.mk\/wp-content\/uploads\/2021\/01\/logo.png\",\"contentUrl\":\"https:\/\/rivedil.mk\/wp-content\/uploads\/2021\/01\/logo.png\",\"width\":593,\"height\":177,\"caption\":\"rivedil Macedonia\"},\"image\":{\"@id\":\"https:\/\/rivedil.mk\/sq\/#\/schema\/logo\/image\/\"},\"sameAs\":[\"https:\/\/www.facebook.com\/Riveil.Mk\",\"https:\/\/www.instagram.com\/rivedil_macedonia\"]}]}<\/script>\n<!-- \/ Yoast SEO plugin. -->","yoast_head_json":{"title":"Historia - rivedil Macedonia","robots":{"index":"index","follow":"follow","max-snippet":"max-snippet:-1","max-image-preview":"max-image-preview:large","max-video-preview":"max-video-preview:-1"},"canonical":"https:\/\/rivedil.mk\/sq\/history\/","og_locale":"sq_AL","og_type":"article","og_title":"Historia - rivedil Macedonia","og_description":"Historia rr\u00ebnj\u00ebt tona 1 .2 Historia rr\u00ebnj\u00ebt tona Historia Puna shum\u00ebvje\u00e7are n\u00eb shtetin e Italis\u00eb, p\u00ebrvoja dhe profesionalizmi i fituar atje, na motivuan q\u00eb ne veprimtarin\u00eb e njejt\u00eb, me t\u00eb cil\u00ebn punonim n\u00eb Itali, ta sjellim edhe n\u00eb vendin ton\u00eb, gjithmon\u00eb duke menduar p\u00ebr k\u00ebnaq\u00ebsin\u00eb dhe plot\u00ebsimin e kushteve n\u00eb t\u00eb cilat jetoni. U desht\u00ebn [&hellip;]","og_url":"https:\/\/rivedil.mk\/sq\/history\/","og_site_name":"rivedil Macedonia","article_publisher":"https:\/\/www.facebook.com\/Riveil.Mk","article_modified_time":"2021-02-15T13:19:50+00:00","og_image":[{"url":"https:\/\/rivedil.mk\/wp-content\/uploads\/2021\/01\/Company-profile-7.jpg","type":"","width":"","height":""}],"twitter_card":"summary_large_image","twitter_misc":{"Est. reading time":"2 minutes"},"schema":{"@context":"https:\/\/schema.org","@graph":[{"@type":"WebPage","@id":"https:\/\/rivedil.mk\/sq\/history\/","url":"https:\/\/rivedil.mk\/sq\/history\/","name":"Historia - rivedil Macedonia","isPartOf":{"@id":"https:\/\/rivedil.mk\/sq\/#website"},"primaryImageOfPage":{"@id":"https:\/\/rivedil.mk\/sq\/history\/#primaryimage"},"image":{"@id":"https:\/\/rivedil.mk\/sq\/history\/#primaryimage"},"thumbnailUrl":"https:\/\/rivedil.mk\/wp-content\/uploads\/2021\/01\/Company-profile-7.jpg","datePublished":"2020-12-01T15:03:16+00:00","dateModified":"2021-02-15T13:19:50+00:00","breadcrumb":{"@id":"https:\/\/rivedil.mk\/sq\/history\/#breadcrumb"},"inLanguage":"sq-AL","potentialAction":[{"@type":"ReadAction","target":["https:\/\/rivedil.mk\/sq\/history\/"]}]},{"@type":"ImageObject","inLanguage":"sq-AL","@id":"https:\/\/rivedil.mk\/sq\/history\/#primaryimage","url":"https:\/\/rivedil.mk\/wp-content\/uploads\/2021\/01\/Company-profile-7.jpg","contentUrl":"https:\/\/rivedil.mk\/wp-content\/uploads\/2021\/01\/Company-profile-7.jpg"},{"@type":"BreadcrumbList","@id":"https:\/\/rivedil.mk\/sq\/history\/#breadcrumb","itemListElement":[{"@type":"ListItem","position":1,"name":"Home","item":"https:\/\/rivedil.mk\/sq\/"},{"@type":"ListItem","position":2,"name":"Historia"}]},{"@type":"WebSite","@id":"https:\/\/rivedil.mk\/sq\/#website","url":"https:\/\/rivedil.mk\/sq\/","name":"rivedil Macedonia","description":"Exclusive Paint","publisher":{"@id":"https:\/\/rivedil.mk\/sq\/#organization"},"potentialAction":[{"@type":"SearchAction","target":{"@type":"EntryPoint","urlTemplate":"https:\/\/rivedil.mk\/sq\/?s={search_term_string}"},"query-input":{"@type":"PropertyValueSpecification","valueRequired":true,"valueName":"search_term_string"}}],"inLanguage":"sq-AL"},{"@type":"Organization","@id":"https:\/\/rivedil.mk\/sq\/#organization","name":"rivedil Macedonia","url":"https:\/\/rivedil.mk\/sq\/","logo":{"@type":"ImageObject","inLanguage":"sq-AL","@id":"https:\/\/rivedil.mk\/sq\/#\/schema\/logo\/image\/","url":"https:\/\/rivedil.mk\/wp-content\/uploads\/2021\/01\/logo.png","contentUrl":"https:\/\/rivedil.mk\/wp-content\/uploads\/2021\/01\/logo.png","width":593,"height":177,"caption":"rivedil Macedonia"},"image":{"@id":"https:\/\/rivedil.mk\/sq\/#\/schema\/logo\/image\/"},"sameAs":["https:\/\/www.facebook.com\/Riveil.Mk","https:\/\/www.instagram.com\/rivedil_macedonia"]}]}},"_links":{"self":[{"href":"https:\/\/rivedil.mk\/sq\/wp-json\/wp\/v2\/pages\/4123","targetHints":{"allow":["GET"]}}],"collection":[{"href":"https:\/\/rivedil.mk\/sq\/wp-json\/wp\/v2\/pages"}],"about":[{"href":"https:\/\/rivedil.mk\/sq\/wp-json\/wp\/v2\/types\/page"}],"author":[{"embeddable":true,"href":"https:\/\/rivedil.mk\/sq\/wp-json\/wp\/v2\/users\/1"}],"replies":[{"embeddable":true,"href":"https:\/\/rivedil.mk\/sq\/wp-json\/wp\/v2\/comments?post=4123"}],"version-history":[{"count":0,"href":"https:\/\/rivedil.mk\/sq\/wp-json\/wp\/v2\/pages\/4123\/revisions"}],"wp:attachment":[{"href":"https:\/\/rivedil.mk\/sq\/wp-json\/wp\/v2\/media?parent=4123"}],"curies":[{"name":"wp","href":"https:\/\/api.w.org\/{rel}","templated":true}]}}