{"id":4116,"date":"2020-12-01T11:58:11","date_gmt":"2020-12-01T11:58:11","guid":{"rendered":"https:\/\/rivedil.mk\/about\/"},"modified":"2021-03-19T19:16:23","modified_gmt":"2021-03-19T19:16:23","slug":"about","status":"publish","type":"page","link":"https:\/\/rivedil.mk\/sq\/about\/","title":{"rendered":"Rreth Nesh"},"content":{"rendered":"\t\t<div data-elementor-type=\"wp-page\" data-elementor-id=\"4116\" class=\"elementor elementor-4116 elementor-1035\" data-elementor-post-type=\"page\">\n\t\t\t\t\t\t<section class=\"elementor-section elementor-top-section elementor-element elementor-element-56fd1c9 elementor-section-full_width elementor-section-height-default elementor-section-height-default\" data-id=\"56fd1c9\" data-element_type=\"section\" data-e-type=\"section\">\n\t\t\t\t\t\t<div class=\"elementor-container elementor-column-gap-no\">\n\t\t\t\t\t<div class=\"elementor-column elementor-col-100 elementor-top-column elementor-element elementor-element-2e5c9ae\" data-id=\"2e5c9ae\" data-element_type=\"column\" data-e-type=\"column\">\n\t\t\t<div class=\"elementor-widget-wrap elementor-element-populated\">\n\t\t\t\t\t\t<div class=\"elementor-element elementor-element-977799d elementor-widget elementor-widget-page-header\" data-id=\"977799d\" data-element_type=\"widget\" data-e-type=\"widget\" data-widget_type=\"page-header.default\">\n\t\t\t\t<div class=\"elementor-widget-container\">\n\t\t\t\t\t\t\t<div id=\"section_animation\" class=\"has_transition_1500_quint no_transition white\">\n\t\t\t<div class=\"section_panel\" rel=\"about\">\n\t\t\t\t<div class=\"section_pic first_run\">\n\t\t\t\t\t<img decoding=\"async\" class=\"scroll_transition mobile_hidden\" src=\"https:\/\/rivedil.mk\/wp-content\/uploads\/2021\/01\/bastri.jpg\"> \n\t\t\t\t\t<img decoding=\"async\" class=\"scroll_transition mobile_only\" src=\"https:\/\/rivedil.mk\/wp-content\/uploads\/2021\/03\/bastri_mobile.jpg\">\n\n\t\t\t\t<\/div>\n\t\t\t\t<div class=\"info has_transition_1500 mobile_only top_translated\">\n\t\t\t\t\t<div class=\"num_back has_transition_1500_inout\"><\/div>\n\t\t\t\t\t\t\t\t\t\t<img decoding=\"async\" class=\"section_triangle full_width\" src=\"https:\/\/rivedil.mk\/wp-content\/themes\/rivedil\/assets\/images\/numbers\/1_0.png\">\n\t\t\t\t\t<div class=\"info_data has_transition_1500_inout\">\n\t\t\t\t\t\t<div class=\"section_panel_title\">\n\t\t\t\t\t\t\t<h1>Rrthe Nesh<\/h1>\n\t\t\t\t\t\t<\/div>\n\t\t\t\t\t\t<div class=\"section_subtitle\">\n\t\t\t\t\t\t\t<h2>kush jemi ne<\/h2>\n\t\t\t\t\t\t<\/div>\n\t\t\t\t\t<\/div>\n\t\t\t\t<\/div>\n\t\t\t<\/div>\n\t\t\t<div id=\"head_content\" class=\"has_transition_1000_inout\">\n\t\t\t\t<div class=\"back_1 no_width reverse has_transition_1000_inout\"><\/div>\n\t\t\t\t<div class=\"back_2 no_width reverse has_transition_1000_inout\"><\/div>\n\n\t\t\t\t\n\t\t\t\t<div class=\"panel_name subsection \">\n\t\t\t\t\t<div class=\"name_body level_3\">\n\t\t\t\t\t\t<div class=\"separator hidden has_transition_1500\"><\/div>\n\t\t\t\t\t\t<p class=\"small_num\">\n\t\t\t\t\t\t\t<span class=\"dark top_double has_transition_1500\">1<\/span>\n\t\t\t\t\t\t\t\t\t\t\t\t\t\t\t<span class=\"white top_double has_transition_1500\">.0<\/span>\n\t\t\t\t\t\t\t\t\t\t\t\t\t\t\t\t\t\t\t\t<\/p>\n\t\t\t\t\t\t<div class=\"separator hidden has_transition_1500\"><\/div>\n\t\t\t\t\t\t<div class=\"no_overflow top_container\">\n\t\t\t\t\t\t\t<p class=\"section_top top_hidden has_transition_1200\">Rrthe Nesh<\/p>\n\t\t\t\t\t\t<\/div>\n\t\t\t\t\t\t<div class=\"no_overflow name_container\">\n\t\t\t\t\t\t\t<p class=\"section_name top_hidden has_transition_1200\">kush jemi ne<\/p>\n\t\t\t\t\t\t<\/div>\n\t\t\t\t\t<\/div>\n\t\t\t\t<\/div>\n\t\t\t<\/div>\n\t\t<\/div>\n\t\t\t\t\t\t<\/div>\n\t\t\t\t<\/div>\n\t\t\t\t\t<\/div>\n\t\t<\/div>\n\t\t\t\t\t<\/div>\n\t\t<\/section>\n\t\t\t\t<section class=\"elementor-section elementor-top-section elementor-element elementor-element-6901318 elementor-section-full_width elementor-section-height-default elementor-section-height-default\" data-id=\"6901318\" data-element_type=\"section\" data-e-type=\"section\">\n\t\t\t\t\t\t<div class=\"elementor-container elementor-column-gap-no\">\n\t\t\t\t\t<div class=\"elementor-column elementor-col-100 elementor-top-column elementor-element elementor-element-93dfeb1\" data-id=\"93dfeb1\" data-element_type=\"column\" data-e-type=\"column\">\n\t\t\t<div class=\"elementor-widget-wrap elementor-element-populated\">\n\t\t\t\t\t\t<div class=\"elementor-element elementor-element-a42b84b elementor-widget elementor-widget-paragraph-with-heading\" data-id=\"a42b84b\" data-element_type=\"widget\" data-e-type=\"widget\" data-widget_type=\"paragraph-with-heading.default\">\n\t\t\t\t<div class=\"elementor-widget-container\">\n\t\t\t\t\t\t\t<div class=\"row content\">\n\t\t\t<div class=\"paragraph_details\">\n\t\t\t\t\t\t\t\t\t<div class=\"p_detail\">\n\t\t\t\t\t\t<h4><\/h4>\n\t\t\t\t\t\t<p class=\"body_text smaller\"><\/p>\n\t\t\t\t\t<\/div>\n\t\t\t\t\t\t\t<\/div>\n\t\t\t<div class=\"paragraph first\">\n\t\t\t\t<div class=\"no_overflow\">\n\t\t\t\t\t<h1 class=\"big_title has_transition_1000\">Rreth Nesh<\/h1>\n\t\t\t\t<\/div>\n\t\t\t\t<div class=\"no_overflow big_subtitle\">\n\t\t\t\t\t<h2 class=\"big_subtitle has_transition_1000\"><\/h2>\n\t\t\t\t<\/div>\n\t\t\t\t<p class=\"body_text two_col has_transition_2000\"><b>Kompani e cila sjell p\u00ebr ju produktet m\u00eb t\u00eb njohura italiane p\u00ebr dekorimin e sht\u00ebpise suaj dhe ambienteve n\u00eb t\u00eb cilat jetoni.<\/b>\n\nRivedil, \u00ebsht\u00eb kompania e par\u00eb n\u00eb Maqedoni, e cila e ushtron k\u00ebt\u00eb lloj veprimtarie. Filluam nga viti 2011 me nj\u00eb kapacitet shum\u00eb m\u00eb t\u00eb vog\u00ebl dhe sot arrit\u00ebm t\u00eb jemi t\u00eb par\u00ebt n\u00eb tregun e Maqedonis\u00eb. Kualiteti dhe garancioni q\u00eb ne ofrojm\u00eb p\u00ebr produktet dhe pun\u00ebn q\u00eb b\u00ebjm\u00eb, jan\u00eb pikat kryesore t\u00eb cilat na mbajn\u00eb si lider n\u00eb tregun e vendit ton\u00eb. Muret nuk jan\u00eb nd\u00ebrtuar p\u00ebr t\u00eb qen\u00eb kufi t\u00eb hap\u00ebsirave, prandaj ne u sjellim dekoret m\u00eb t\u00eb mira p\u00ebr t\u00eb harmonizuar jet\u00ebn me ambientet ku jetoni.<\/p>\n\t\t\t<\/div>\n\t\t<\/div>\n\t\t\t\t\t\t<\/div>\n\t\t\t\t<\/div>\n\t\t\t\t<div class=\"elementor-element elementor-element-74bfb40 elementor-widget elementor-widget-paragraph-with-right-heading\" data-id=\"74bfb40\" data-element_type=\"widget\" data-e-type=\"widget\" data-widget_type=\"paragraph-with-right-heading.default\">\n\t\t\t\t<div class=\"elementor-widget-container\">\n\t\t\t\t\t\t\t<div class=\"row animated flexed first\">\n\t\t\t<div class=\"block_33 grey flexed bottom mobile_hidden\">\n\t\t\t\t<div class=\"how_to_label\">\n\t\t\t\t\t\t\t\t\t\t\t<img decoding=\"async\" src=\"https:\/\/rivedil.mk\/wp-content\/uploads\/2021\/01\/about2.jpg\">\n\t\t\t\t\t\t\t\t\t\t\t\t\t\t<\/div>\n\t\t\t<\/div>\n\t\t\t<div class=\"block_42 grey covered\">\n\t\t\t\t<div class=\"cover grey has_transition_1500 hidden\"><\/div>\n\t\t\t\t<p class=\"closing content has_transition_1500 hidden no_padding \">\n\t\t\t\t\t<b>Vizioni yn\u00eb<\/b> <br>\nVizioni yn\u00eb n\u00eb Rivedil, \u00ebsht\u00eb q\u00eb t\u00eb jemi t\u00eb njohur n\u00eb vend por edhe n\u00eb Evrop\u00eb nga t\u00eb gjith\u00eb konsumator\u00ebt dhe t\u00eb gjith\u00eb ata t\u00eb cil\u00ebt jan\u00eb t\u00eb interesuar p\u00ebr produktet tona. Ne gjithmon\u00eb e b\u00ebjm\u00eb t\u00eb pamundur\u00ebn p\u00ebr t\u2019u ofruar vlerat m\u00eb t\u00eb larta t\u00eb produkteve t\u00eb kompanis\u00eb Rivedil.\nVizioni yn\u00eb p\u00ebrfaq\u00ebson pun\u00ebtor\u00ebt dhe konsumator\u00ebt tan\u00eb si dhe komunitetin nga ku ne i transportojm\u00eb dhe i p\u00ebrdorim produktet tona.\n\n\n<br><br>\n<b>Misioni yn\u00eb<\/b> <br>\nNe punojm\u00eb me p\u00ebrgjegj\u00ebsi sociale, me nj\u00eb biznes q\u00eb rritet gjithmon\u00eb e m\u00eb shum\u00eb. \u00c7el\u00ebsi i suksesit ton\u00eb \u00ebsht\u00eb indetifikimi dhe p\u00ebrmbushja e \u00e7do nevoje t\u00eb konsumatorit me p\u00ebrkushtim dhe profesionaliz\u00ebm maksimal. Ne kontribuojm\u00eb n\u00eb kompanin\u00eb ton\u00eb gjithmone duke q\u00ebn\u00eb nj\u00eb hap p\u00ebrpara t\u00eb tjer\u00ebve me teknologjith\u00eb dhe materialet m\u00eb inovative.\t\t\t\t<\/p>\n\t\t\t<\/div>\n\t\t\t<div class=\"block_25 flexed dark_grey has_download\">\n\t\t\t\t\n\t\t\t\t<div class=\"usable_size\">\n\t\t\t\t\t<div class=\"block_title reversed\">\n\t\t\t\t\t\t<div class=\"no_overflow\">\n\t\t\t\t\t\t\t<p class=\"desc_title top_hidden has_transition_1500\"><\/p>\n\t\t\t\t\t\t<\/div>\n\t\t\t\t\t\t<div class=\"no_overflow\">\n\t\t\t\t\t\t\t<p class=\"desc_text top_hidden has_transition_1500\"><\/p>\n\t\t\t\t\t\t<\/div>\n\t\t\t\t\t<\/div>\n\t\t\t\t\t\t\t\t\t<\/div>\n\t\t\t<\/div>\n\t\t<\/div>\n\t\t\t\t\t\t<\/div>\n\t\t\t\t<\/div>\n\t\t\t\t\t<\/div>\n\t\t<\/div>\n\t\t\t\t\t<\/div>\n\t\t<\/section>\n\t\t\t\t<\/div>\n\t\t","protected":false},"excerpt":{"rendered":"<p>Rrthe Nesh kush jemi ne 1 .0 Rrthe Nesh kush jemi ne Rreth Nesh Kompani e cila sjell p\u00ebr ju produktet m\u00eb t\u00eb njohura italiane p\u00ebr dekorimin e sht\u00ebpise suaj dhe ambienteve n\u00eb t\u00eb cilat jetoni. Rivedil, \u00ebsht\u00eb kompania e par\u00eb n\u00eb Maqedoni, e cila e ushtron k\u00ebt\u00eb lloj veprimtarie. Filluam nga viti 2011 me [&hellip;]<\/p>\n","protected":false},"author":1,"featured_media":0,"parent":0,"menu_order":0,"comment_status":"closed","ping_status":"closed","template":"","meta":{"_acf_changed":false,"footnotes":""},"class_list":["post-4116","page","type-page","status-publish","hentry"],"acf":[],"yoast_head":"<!-- This site is optimized with the Yoast SEO plugin v26.9 - https:\/\/yoast.com\/product\/yoast-seo-wordpress\/ -->\n<title>Rreth Nesh - rivedil Macedonia<\/title>\n<meta name=\"robots\" content=\"index, follow, max-snippet:-1, max-image-preview:large, max-video-preview:-1\" \/>\n<link rel=\"canonical\" href=\"https:\/\/rivedil.mk\/sq\/about\/\" \/>\n<meta property=\"og:locale\" content=\"sq_AL\" \/>\n<meta property=\"og:type\" content=\"article\" \/>\n<meta property=\"og:title\" content=\"Rreth Nesh - rivedil Macedonia\" \/>\n<meta property=\"og:description\" content=\"Rrthe Nesh kush jemi ne 1 .0 Rrthe Nesh kush jemi ne Rreth Nesh Kompani e cila sjell p\u00ebr ju produktet m\u00eb t\u00eb njohura italiane p\u00ebr dekorimin e sht\u00ebpise suaj dhe ambienteve n\u00eb t\u00eb cilat jetoni. Rivedil, \u00ebsht\u00eb kompania e par\u00eb n\u00eb Maqedoni, e cila e ushtron k\u00ebt\u00eb lloj veprimtarie. Filluam nga viti 2011 me [&hellip;]\" \/>\n<meta property=\"og:url\" content=\"https:\/\/rivedil.mk\/sq\/about\/\" \/>\n<meta property=\"og:site_name\" content=\"rivedil Macedonia\" \/>\n<meta property=\"article:publisher\" content=\"https:\/\/www.facebook.com\/Riveil.Mk\" \/>\n<meta property=\"article:modified_time\" content=\"2021-03-19T19:16:23+00:00\" \/>\n<meta property=\"og:image\" content=\"https:\/\/i1.wp.com\/rivedil.mk\/wp-content\/uploads\/2021\/01\/bastri.jpg?w=1920\" \/>\n<meta name=\"twitter:card\" content=\"summary_large_image\" \/>\n<meta name=\"twitter:label1\" content=\"Est. reading time\" \/>\n\t<meta name=\"twitter:data1\" content=\"1 minute\" \/>\n<script type=\"application\/ld+json\" class=\"yoast-schema-graph\">{\"@context\":\"https:\/\/schema.org\",\"@graph\":[{\"@type\":\"WebPage\",\"@id\":\"https:\/\/rivedil.mk\/sq\/about\/\",\"url\":\"https:\/\/rivedil.mk\/sq\/about\/\",\"name\":\"Rreth Nesh - rivedil Macedonia\",\"isPartOf\":{\"@id\":\"https:\/\/rivedil.mk\/sq\/#website\"},\"primaryImageOfPage\":{\"@id\":\"https:\/\/rivedil.mk\/sq\/about\/#primaryimage\"},\"image\":{\"@id\":\"https:\/\/rivedil.mk\/sq\/about\/#primaryimage\"},\"thumbnailUrl\":\"https:\/\/i1.wp.com\/rivedil.mk\/wp-content\/uploads\/2021\/01\/bastri.jpg?w=1920\",\"datePublished\":\"2020-12-01T11:58:11+00:00\",\"dateModified\":\"2021-03-19T19:16:23+00:00\",\"breadcrumb\":{\"@id\":\"https:\/\/rivedil.mk\/sq\/about\/#breadcrumb\"},\"inLanguage\":\"sq-AL\",\"potentialAction\":[{\"@type\":\"ReadAction\",\"target\":[\"https:\/\/rivedil.mk\/sq\/about\/\"]}]},{\"@type\":\"ImageObject\",\"inLanguage\":\"sq-AL\",\"@id\":\"https:\/\/rivedil.mk\/sq\/about\/#primaryimage\",\"url\":\"https:\/\/i1.wp.com\/rivedil.mk\/wp-content\/uploads\/2021\/01\/bastri.jpg?w=1920\",\"contentUrl\":\"https:\/\/i1.wp.com\/rivedil.mk\/wp-content\/uploads\/2021\/01\/bastri.jpg?w=1920\"},{\"@type\":\"BreadcrumbList\",\"@id\":\"https:\/\/rivedil.mk\/sq\/about\/#breadcrumb\",\"itemListElement\":[{\"@type\":\"ListItem\",\"position\":1,\"name\":\"Home\",\"item\":\"https:\/\/rivedil.mk\/sq\/\"},{\"@type\":\"ListItem\",\"position\":2,\"name\":\"Rreth Nesh\"}]},{\"@type\":\"WebSite\",\"@id\":\"https:\/\/rivedil.mk\/sq\/#website\",\"url\":\"https:\/\/rivedil.mk\/sq\/\",\"name\":\"rivedil Macedonia\",\"description\":\"Exclusive Paint\",\"publisher\":{\"@id\":\"https:\/\/rivedil.mk\/sq\/#organization\"},\"potentialAction\":[{\"@type\":\"SearchAction\",\"target\":{\"@type\":\"EntryPoint\",\"urlTemplate\":\"https:\/\/rivedil.mk\/sq\/?s={search_term_string}\"},\"query-input\":{\"@type\":\"PropertyValueSpecification\",\"valueRequired\":true,\"valueName\":\"search_term_string\"}}],\"inLanguage\":\"sq-AL\"},{\"@type\":\"Organization\",\"@id\":\"https:\/\/rivedil.mk\/sq\/#organization\",\"name\":\"rivedil Macedonia\",\"url\":\"https:\/\/rivedil.mk\/sq\/\",\"logo\":{\"@type\":\"ImageObject\",\"inLanguage\":\"sq-AL\",\"@id\":\"https:\/\/rivedil.mk\/sq\/#\/schema\/logo\/image\/\",\"url\":\"https:\/\/rivedil.mk\/wp-content\/uploads\/2021\/01\/logo.png\",\"contentUrl\":\"https:\/\/rivedil.mk\/wp-content\/uploads\/2021\/01\/logo.png\",\"width\":593,\"height\":177,\"caption\":\"rivedil Macedonia\"},\"image\":{\"@id\":\"https:\/\/rivedil.mk\/sq\/#\/schema\/logo\/image\/\"},\"sameAs\":[\"https:\/\/www.facebook.com\/Riveil.Mk\",\"https:\/\/www.instagram.com\/rivedil_macedonia\"]}]}<\/script>\n<!-- \/ Yoast SEO plugin. -->","yoast_head_json":{"title":"Rreth Nesh - rivedil Macedonia","robots":{"index":"index","follow":"follow","max-snippet":"max-snippet:-1","max-image-preview":"max-image-preview:large","max-video-preview":"max-video-preview:-1"},"canonical":"https:\/\/rivedil.mk\/sq\/about\/","og_locale":"sq_AL","og_type":"article","og_title":"Rreth Nesh - rivedil Macedonia","og_description":"Rrthe Nesh kush jemi ne 1 .0 Rrthe Nesh kush jemi ne Rreth Nesh Kompani e cila sjell p\u00ebr ju produktet m\u00eb t\u00eb njohura italiane p\u00ebr dekorimin e sht\u00ebpise suaj dhe ambienteve n\u00eb t\u00eb cilat jetoni. Rivedil, \u00ebsht\u00eb kompania e par\u00eb n\u00eb Maqedoni, e cila e ushtron k\u00ebt\u00eb lloj veprimtarie. Filluam nga viti 2011 me [&hellip;]","og_url":"https:\/\/rivedil.mk\/sq\/about\/","og_site_name":"rivedil Macedonia","article_publisher":"https:\/\/www.facebook.com\/Riveil.Mk","article_modified_time":"2021-03-19T19:16:23+00:00","og_image":[{"url":"https:\/\/i1.wp.com\/rivedil.mk\/wp-content\/uploads\/2021\/01\/bastri.jpg?w=1920","type":"","width":"","height":""}],"twitter_card":"summary_large_image","twitter_misc":{"Est. reading time":"1 minute"},"schema":{"@context":"https:\/\/schema.org","@graph":[{"@type":"WebPage","@id":"https:\/\/rivedil.mk\/sq\/about\/","url":"https:\/\/rivedil.mk\/sq\/about\/","name":"Rreth Nesh - rivedil Macedonia","isPartOf":{"@id":"https:\/\/rivedil.mk\/sq\/#website"},"primaryImageOfPage":{"@id":"https:\/\/rivedil.mk\/sq\/about\/#primaryimage"},"image":{"@id":"https:\/\/rivedil.mk\/sq\/about\/#primaryimage"},"thumbnailUrl":"https:\/\/i1.wp.com\/rivedil.mk\/wp-content\/uploads\/2021\/01\/bastri.jpg?w=1920","datePublished":"2020-12-01T11:58:11+00:00","dateModified":"2021-03-19T19:16:23+00:00","breadcrumb":{"@id":"https:\/\/rivedil.mk\/sq\/about\/#breadcrumb"},"inLanguage":"sq-AL","potentialAction":[{"@type":"ReadAction","target":["https:\/\/rivedil.mk\/sq\/about\/"]}]},{"@type":"ImageObject","inLanguage":"sq-AL","@id":"https:\/\/rivedil.mk\/sq\/about\/#primaryimage","url":"https:\/\/i1.wp.com\/rivedil.mk\/wp-content\/uploads\/2021\/01\/bastri.jpg?w=1920","contentUrl":"https:\/\/i1.wp.com\/rivedil.mk\/wp-content\/uploads\/2021\/01\/bastri.jpg?w=1920"},{"@type":"BreadcrumbList","@id":"https:\/\/rivedil.mk\/sq\/about\/#breadcrumb","itemListElement":[{"@type":"ListItem","position":1,"name":"Home","item":"https:\/\/rivedil.mk\/sq\/"},{"@type":"ListItem","position":2,"name":"Rreth Nesh"}]},{"@type":"WebSite","@id":"https:\/\/rivedil.mk\/sq\/#website","url":"https:\/\/rivedil.mk\/sq\/","name":"rivedil Macedonia","description":"Exclusive Paint","publisher":{"@id":"https:\/\/rivedil.mk\/sq\/#organization"},"potentialAction":[{"@type":"SearchAction","target":{"@type":"EntryPoint","urlTemplate":"https:\/\/rivedil.mk\/sq\/?s={search_term_string}"},"query-input":{"@type":"PropertyValueSpecification","valueRequired":true,"valueName":"search_term_string"}}],"inLanguage":"sq-AL"},{"@type":"Organization","@id":"https:\/\/rivedil.mk\/sq\/#organization","name":"rivedil Macedonia","url":"https:\/\/rivedil.mk\/sq\/","logo":{"@type":"ImageObject","inLanguage":"sq-AL","@id":"https:\/\/rivedil.mk\/sq\/#\/schema\/logo\/image\/","url":"https:\/\/rivedil.mk\/wp-content\/uploads\/2021\/01\/logo.png","contentUrl":"https:\/\/rivedil.mk\/wp-content\/uploads\/2021\/01\/logo.png","width":593,"height":177,"caption":"rivedil Macedonia"},"image":{"@id":"https:\/\/rivedil.mk\/sq\/#\/schema\/logo\/image\/"},"sameAs":["https:\/\/www.facebook.com\/Riveil.Mk","https:\/\/www.instagram.com\/rivedil_macedonia"]}]}},"_links":{"self":[{"href":"https:\/\/rivedil.mk\/sq\/wp-json\/wp\/v2\/pages\/4116","targetHints":{"allow":["GET"]}}],"collection":[{"href":"https:\/\/rivedil.mk\/sq\/wp-json\/wp\/v2\/pages"}],"about":[{"href":"https:\/\/rivedil.mk\/sq\/wp-json\/wp\/v2\/types\/page"}],"author":[{"embeddable":true,"href":"https:\/\/rivedil.mk\/sq\/wp-json\/wp\/v2\/users\/1"}],"replies":[{"embeddable":true,"href":"https:\/\/rivedil.mk\/sq\/wp-json\/wp\/v2\/comments?post=4116"}],"version-history":[{"count":0,"href":"https:\/\/rivedil.mk\/sq\/wp-json\/wp\/v2\/pages\/4116\/revisions"}],"wp:attachment":[{"href":"https:\/\/rivedil.mk\/sq\/wp-json\/wp\/v2\/media?parent=4116"}],"curies":[{"name":"wp","href":"https:\/\/api.w.org\/{rel}","templated":true}]}}